{"id":91,"date":"2024-06-11T21:10:12","date_gmt":"2024-06-11T21:10:12","guid":{"rendered":"https:\/\/designveileder.no\/?page_id=91"},"modified":"2025-01-05T13:03:53","modified_gmt":"2025-01-05T13:03:53","slug":"e-laering","status":"publish","type":"page","link":"https:\/\/designveileder.no\/?page_id=91","title":{"rendered":"E-l\u00e6ring"},"content":{"rendered":"<p><strong><span style=\"color: #993366;\">I dette kapittelet:<\/span> <\/strong>Definisjonen av e-l\u00e6ring og dens ulike former er \u00e5 finne her. Vi ber\u00f8rer ogs\u00e5 fordeler, ulemper og enkelte fallgruver.<\/p>\n<p>Kortfattet og popularisert kan e-l\u00e6ring defineres som <strong>nettbaserte\/digitale l\u00e6remidler<\/strong> som kan brukes for eksempel p\u00e5 PC\/Mac, nettbrett og smarttelefoner, og som tilbyr et bredt spekter av multimediaressurser for <strong>formell eller uformell l\u00e6ring<\/strong>.<\/p>\n<p>E-l\u00e6ring gj\u00f8r det <em>i prinsippet<\/em> enkelt for brukere \u00e5 l\u00e6re n\u00e5r som helst og hvor som helst, og ikke minst \u00e5 repetere stoffet ubegrenset mange ganger. \u00c5 gjennomf\u00f8re l\u00e6ringen i eget tempo er en stor fordel ved e-l\u00e6ring. Tilpassing av stoffet for individuelle behov er mange ganger mulig, for eksempel ved hjelp av niv\u00e5valg i en e-l\u00e6ringsl\u00f8sning eller som individrettet e-l\u00e6ring. Overl\u00e6ring er viktig for mange brukere med kognitive utfordringer.<\/p>\n<p>E-l\u00e6ring brukes i ulike settinger, for eksempel i utdanning, faglig utvikling og ferdig\u00adhets\u00adoppl\u00e6ring. N\u00e5r l\u00e6remateriellet er digitalt, lar det seg oppdatere enklere enn papirbaserte utgivelser. Alt dette er positivt.<\/p>\n<p>Blant de mest betydelige <strong>ulempene<\/strong> er vansker med \u00e5 undervise i og l\u00e6re praktiske fag, manglende direkte kontakt med l\u00e6rer til enhver tid, isolasjon, og for mye tid foran PC\/Mac eller en mobil enhet. Andre faktorer som kan vanskeliggj\u00f8re e-l\u00e6ring er tekniske problemer (f.eks. manglende internettkobling p\u00e5 grunn av sikkerhetstiltak i bygningen eller en utdatert enhet), og ikke minst d\u00e5rlig tilrettelagt e-l\u00e6ring i seg selv (mangelfull tilgjengelighet og uu, og mangelfull pedagogisk\/didaktisk forst\u00e5else hos utviklere og tilretteleggere av e-l\u00e6ringsl\u00f8sninger).<\/p>\n","protected":false},"excerpt":{"rendered":"<p>I dette kapittelet: Definisjonen av e-l\u00e6ring og dens ulike former er \u00e5 finne her. Vi ber\u00f8rer ogs\u00e5 fordeler, ulemper og enkelte fallgruver. Kortfattet og popularisert kan e-l\u00e6ring defineres som nettbaserte\/digitale l\u00e6remidler som kan brukes for eksempel p\u00e5 PC\/Mac, nettbrett og smarttelefoner, og som tilbyr et bredt spekter av multimediaressurser for formell eller uformell l\u00e6ring. E-l\u00e6ring [&hellip;]<\/p>\n","protected":false},"author":1,"featured_media":0,"parent":0,"menu_order":0,"comment_status":"closed","ping_status":"closed","template":"","meta":{"footnotes":""},"_links":{"self":[{"href":"https:\/\/designveileder.no\/index.php?rest_route=\/wp\/v2\/pages\/91"}],"collection":[{"href":"https:\/\/designveileder.no\/index.php?rest_route=\/wp\/v2\/pages"}],"about":[{"href":"https:\/\/designveileder.no\/index.php?rest_route=\/wp\/v2\/types\/page"}],"author":[{"embeddable":true,"href":"https:\/\/designveileder.no\/index.php?rest_route=\/wp\/v2\/users\/1"}],"replies":[{"embeddable":true,"href":"https:\/\/designveileder.no\/index.php?rest_route=%2Fwp%2Fv2%2Fcomments&post=91"}],"version-history":[{"count":10,"href":"https:\/\/designveileder.no\/index.php?rest_route=\/wp\/v2\/pages\/91\/revisions"}],"predecessor-version":[{"id":786,"href":"https:\/\/designveileder.no\/index.php?rest_route=\/wp\/v2\/pages\/91\/revisions\/786"}],"wp:attachment":[{"href":"https:\/\/designveileder.no\/index.php?rest_route=%2Fwp%2Fv2%2Fmedia&parent=91"}],"curies":[{"name":"wp","href":"https:\/\/api.w.org\/{rel}","templated":true}]}}