{"id":88,"date":"2024-06-11T20:59:00","date_gmt":"2024-06-11T20:59:00","guid":{"rendered":"https:\/\/designveileder.no\/?page_id=88"},"modified":"2025-01-01T23:01:07","modified_gmt":"2025-01-01T23:01:07","slug":"kognisjon","status":"publish","type":"page","link":"https:\/\/designveileder.no\/?page_id=88","title":{"rendered":"Kognisjon"},"content":{"rendered":"<p><span style=\"color: #993366;\"><strong>I dette kapittelet:<\/strong><\/span> Her fins en kort gjennomgang av kognisjon og hva kognitive funksjons\u00adned\u00adsettelser har \u00e5 si for utvikling av digitale l\u00e6remidler.<\/p>\n<p>Med kognisjon menes <strong>tankevirksomhet og intellektuelle prosesser<\/strong>, det vil si\u202fhjernens evne til \u00e5 motta og bearbeide informasjon. I ulike kilder beskrives kognisjon som tankeprosesser og -aktiviteter som:<\/p>\n<ul>\n<li>abstrakt tenking<\/li>\n<li>bed\u00f8mming<\/li>\n<li>forestillingsvirksomhet<\/li>\n<li>\u00e5 huske, memorere noe komplekst<\/li>\n<li>l\u00e6revansker (tilegne seg kunnskap)<\/li>\n<li>oppfatte sanseinntrykk<\/li>\n<li>oppmerksomhet<\/li>\n<li>orientering<\/li>\n<li>planlegging<\/li>\n<li>probleml\u00f8sing<\/li>\n<li>resonnement<\/li>\n<li>\u00e5 forst\u00e5, herunder spr\u00e5k- og tallforst\u00e5else<\/li>\n<li>passivitet<\/li>\n<li>adferdsendringer, personlighet og hum\u00f8rsvingninger<\/li>\n<\/ul>\n","protected":false},"excerpt":{"rendered":"<p>I dette kapittelet: Her fins en kort gjennomgang av kognisjon og hva kognitive funksjons\u00adned\u00adsettelser har \u00e5 si for utvikling av digitale l\u00e6remidler. Med kognisjon menes tankevirksomhet og intellektuelle prosesser, det vil si\u202fhjernens evne til \u00e5 motta og bearbeide informasjon. I ulike kilder beskrives kognisjon som tankeprosesser og -aktiviteter som: abstrakt tenking bed\u00f8mming forestillingsvirksomhet \u00e5 huske, [&hellip;]<\/p>\n","protected":false},"author":1,"featured_media":0,"parent":0,"menu_order":0,"comment_status":"closed","ping_status":"closed","template":"","meta":{"footnotes":""},"_links":{"self":[{"href":"https:\/\/designveileder.no\/index.php?rest_route=\/wp\/v2\/pages\/88"}],"collection":[{"href":"https:\/\/designveileder.no\/index.php?rest_route=\/wp\/v2\/pages"}],"about":[{"href":"https:\/\/designveileder.no\/index.php?rest_route=\/wp\/v2\/types\/page"}],"author":[{"embeddable":true,"href":"https:\/\/designveileder.no\/index.php?rest_route=\/wp\/v2\/users\/1"}],"replies":[{"embeddable":true,"href":"https:\/\/designveileder.no\/index.php?rest_route=%2Fwp%2Fv2%2Fcomments&post=88"}],"version-history":[{"count":9,"href":"https:\/\/designveileder.no\/index.php?rest_route=\/wp\/v2\/pages\/88\/revisions"}],"predecessor-version":[{"id":647,"href":"https:\/\/designveileder.no\/index.php?rest_route=\/wp\/v2\/pages\/88\/revisions\/647"}],"wp:attachment":[{"href":"https:\/\/designveileder.no\/index.php?rest_route=%2Fwp%2Fv2%2Fmedia&parent=88"}],"curies":[{"name":"wp","href":"https:\/\/api.w.org\/{rel}","templated":true}]}}