{"id":731,"date":"2025-01-04T15:59:24","date_gmt":"2025-01-04T15:59:24","guid":{"rendered":"https:\/\/designveileder.no\/?page_id=731"},"modified":"2025-01-04T16:21:13","modified_gmt":"2025-01-04T16:21:13","slug":"video-opptak-og-personvern","status":"publish","type":"page","link":"https:\/\/designveileder.no\/?page_id=731","title":{"rendered":"Video-opptak og personvern"},"content":{"rendered":"<p><span style=\"color: #993366;\"><strong>I dette kapittelet:<\/strong><\/span> Viktige punkter om \u00e5 ivareta personvernet i video-opptak.<\/p>\n<p>Video-opptak av en person regnes ofte som personidentifiserbare data. Derfor m\u00e5 man v\u00e6re klar over og f\u00f8lge personopplysningslovens <a href=\"#_ftn1\" name=\"_ftnref1\">[1]<\/a> bestemmelser.<\/p>\n<p>Personopplysningsloven gjelder <em>ikke<\/em> for opptak som gj\u00f8res for private form\u00e5l. Hvis det derimot <em>ikke<\/em> dreier seg om utelukkende private video-opptak, skal den enkelte <strong>samtykke<\/strong> til \u00e5 bli filmet.<\/p>\n<p>N\u00e5r det gjelder barn og unge, er det de <em>foresatte<\/em> som tar avgj\u00f8relsen, selv om publiseringen gjelder barnet. Det er viktig at det vises ekstra stor varsomhet ved publisering av video-opptak av barn og unge.<\/p>\n<p>N\u00e5r ansatte spiller inn instruksjonsvideoer p\u00e5 arbeid eller i organisert aktivitet (f.eks. dag- og aktivitetssentre), kan fornuftige forsiktighetsregler v\u00e6re:<\/p>\n<ul>\n<li>Sp\u00f8r alltid om det er greit at en person blir filmet, ogs\u00e5 ansatte. Lag helst skriftlig samtykke-erkl\u00e6ring med vedkommende.<\/li>\n<li>Unng\u00e5 \u00e5 f\u00e5 med uvedkommende i bakgrunnen i opptakene. Personvern gjelder ogs\u00e5 dem.<\/li>\n<li>Ikke bruk privat utstyr for opptakene, f.eks. privat mobiltelefon.<\/li>\n<li>L\u00e5s inn utstyr eller lagringsenheter med video-opptak av brukere n\u00e5r utstyret ikke er i bruk.<\/li>\n<li>Ikke legg ut videoer p\u00e5 sosiale medier eller \u00e5pne nettsteder. Hvis videoer skal legges ut p\u00e5 internett, f.eks. p\u00e5 Vimeo eller YouTube, m\u00e5 det innhentes samtykke fra den\/de som er med p\u00e5 videoene, enten filmen er tatt privat eller f.eks. p\u00e5 en arbeidsplass. Regelverket for bruk av personidentifiserbare data er strengt.<\/li>\n<\/ul>\n<p>&nbsp;<\/p>\n<p>Alts\u00e5: Personvern er en grunnleggende rettighet.<\/p>\n<p><a href=\"#_ftnref1\" name=\"_ftn1\">[1]<\/a> <a href=\"https:\/\/lovdata.no\/dokument\/NL\/lov\/2018-06-15-38\">https:\/\/lovdata.no\/dokument\/NL\/lov\/2018-06-15-38<\/a><\/p>\n","protected":false},"excerpt":{"rendered":"<p>I dette kapittelet: Viktige punkter om \u00e5 ivareta personvernet i video-opptak. Video-opptak av en person regnes ofte som personidentifiserbare data. Derfor m\u00e5 man v\u00e6re klar over og f\u00f8lge personopplysningslovens [1] bestemmelser. Personopplysningsloven gjelder ikke for opptak som gj\u00f8res for private form\u00e5l. Hvis det derimot ikke dreier seg om utelukkende private video-opptak, skal den enkelte samtykke [&hellip;]<\/p>\n","protected":false},"author":1,"featured_media":0,"parent":0,"menu_order":0,"comment_status":"closed","ping_status":"closed","template":"","meta":{"footnotes":""},"_links":{"self":[{"href":"https:\/\/designveileder.no\/index.php?rest_route=\/wp\/v2\/pages\/731"}],"collection":[{"href":"https:\/\/designveileder.no\/index.php?rest_route=\/wp\/v2\/pages"}],"about":[{"href":"https:\/\/designveileder.no\/index.php?rest_route=\/wp\/v2\/types\/page"}],"author":[{"embeddable":true,"href":"https:\/\/designveileder.no\/index.php?rest_route=\/wp\/v2\/users\/1"}],"replies":[{"embeddable":true,"href":"https:\/\/designveileder.no\/index.php?rest_route=%2Fwp%2Fv2%2Fcomments&post=731"}],"version-history":[{"count":7,"href":"https:\/\/designveileder.no\/index.php?rest_route=\/wp\/v2\/pages\/731\/revisions"}],"predecessor-version":[{"id":741,"href":"https:\/\/designveileder.no\/index.php?rest_route=\/wp\/v2\/pages\/731\/revisions\/741"}],"wp:attachment":[{"href":"https:\/\/designveileder.no\/index.php?rest_route=%2Fwp%2Fv2%2Fmedia&parent=731"}],"curies":[{"name":"wp","href":"https:\/\/api.w.org\/{rel}","templated":true}]}}