{"id":44,"date":"2024-06-11T10:55:40","date_gmt":"2024-06-11T10:55:40","guid":{"rendered":"https:\/\/designveileder.no\/?page_id=44"},"modified":"2025-01-04T16:13:55","modified_gmt":"2025-01-04T16:13:55","slug":"forord","status":"publish","type":"page","link":"https:\/\/designveileder.no\/?page_id=44","title":{"rendered":"Forord"},"content":{"rendered":"<p>Denne veilederen ble utviklet med st\u00f8tte fra Bufdir, tilskudd for universell utforming 2024.<\/p>\n<p>M\u00e5lsettingen var \u00e5 bidra til moderne og inspirerende ferdighets- og kompetanseutvikling innen dagliglivets aktiviteter for mennesker med kognitivt nedsatt funksjonsevne gjennom universelt utformet og kognitiv tilgjengelig e-l\u00e6ring som tar hensyn til et stort spekter av krav innen kognisjon. Slik e-l\u00e6ring vil bidra til et selvstendig liv, bedre livskvalitet, inkludering og praktiske muligheter til deltakelse i utdanning, arbeidsliv, fritid og samfunnsliv.<\/p>\n<p>Mange kan med dagens teknologi lage e-l\u00e6ringsl\u00f8sninger ved hjelp av en veileder med konkrete r\u00e5d og praktiske tips om metodikker, verkt\u00f8y og teknologi. Profesjonelle utviklere kan lage &#8220;store&#8221; l\u00f8sninger, mens andre grupper kan lage avgrensede l\u00f8sninger med fokus p\u00e5 f\u00e5 emner. Like fullt, det er viktig at prinsippene for uu og kognitiv tilgjengelighet blir forst\u00e5tt og fulgt.<\/p>\n<p>M\u00e5lgruppene for veilederen er personer i virksomheter og enkelte privatpersoner som i sin rolle \u00f8nsker \u00e5 lage e-l\u00e6ringsressurser for mennesker med kognitiv svikt, men som i utgangspunktet mangler kompetanse om hvordan dette best kan gj\u00f8res med faglig god kvalitet og som inneb\u00e6rer uu og kognitiv tilgjengelighet.<\/p>\n<p>Delm\u00e5lene for utviklingen var at:<\/p>\n<ul>\n<li>form\u00e5lstjenlig e-l\u00e6ring med god kvalitet og relevante hensyn kan produseres av n\u00e6rpersoner uten formell utdannelse innen, eller s\u00e6rkunnskap om, pedagogikk\/didaktikk eller teknisk medieproduksjon<\/li>\n<li>en slik produksjon blir \u00f8konomisk realistisk og kunnskapsmessig gjennomf\u00f8rbart for de aller fleste n\u00e6rpersoner, virksomheter som dag- og aktivitetssentre, folkeh\u00f8yskoler med utviklingshemmede elever, VTA\/O-bedrifter o.l.<\/li>\n<li>ovennevnte akt\u00f8rer som produserer e-l\u00e6ring, forst\u00e5r kravene til kognitiv uu og tilsvarende kognitiv tilgjengelighet<\/li>\n<li>ovennevnte akt\u00f8rer kan utvikle st\u00f8ttemateriell for e-l\u00e6ring selv<\/li>\n<\/ul>\n<p>&nbsp;<\/p>\n<p>Vi h\u00e5per at veilederen kan inspirere til produksjon av e-l\u00e6ringsressurser for m\u00e5lgruppene og at vi med dette kan fylle et hull n\u00e5r akt\u00f8rene leter etter inspirasjon, id\u00e9er og konkrete r\u00e5d.<\/p>\n<p>Vi takker Bufdir for st\u00f8tten for \u00e5 ha muliggjort v\u00e5rt lille bidrag til produksjon av kunnskapsressurser og dermed hverdagsmestring for personer med kognitive utfordringer.<\/p>\n<p>Karde AS<\/p>\n<p>Oslo, 31.12.2024<\/p>\n","protected":false},"excerpt":{"rendered":"<p>Denne veilederen ble utviklet med st\u00f8tte fra Bufdir, tilskudd for universell utforming 2024. M\u00e5lsettingen var \u00e5 bidra til moderne og inspirerende ferdighets- og kompetanseutvikling innen dagliglivets aktiviteter for mennesker med kognitivt nedsatt funksjonsevne gjennom universelt utformet og kognitiv tilgjengelig e-l\u00e6ring som tar hensyn til et stort spekter av krav innen kognisjon. Slik e-l\u00e6ring vil bidra [&hellip;]<\/p>\n","protected":false},"author":1,"featured_media":0,"parent":0,"menu_order":0,"comment_status":"closed","ping_status":"closed","template":"","meta":{"footnotes":""},"_links":{"self":[{"href":"https:\/\/designveileder.no\/index.php?rest_route=\/wp\/v2\/pages\/44"}],"collection":[{"href":"https:\/\/designveileder.no\/index.php?rest_route=\/wp\/v2\/pages"}],"about":[{"href":"https:\/\/designveileder.no\/index.php?rest_route=\/wp\/v2\/types\/page"}],"author":[{"embeddable":true,"href":"https:\/\/designveileder.no\/index.php?rest_route=\/wp\/v2\/users\/1"}],"replies":[{"embeddable":true,"href":"https:\/\/designveileder.no\/index.php?rest_route=%2Fwp%2Fv2%2Fcomments&post=44"}],"version-history":[{"count":5,"href":"https:\/\/designveileder.no\/index.php?rest_route=\/wp\/v2\/pages\/44\/revisions"}],"predecessor-version":[{"id":716,"href":"https:\/\/designveileder.no\/index.php?rest_route=\/wp\/v2\/pages\/44\/revisions\/716"}],"wp:attachment":[{"href":"https:\/\/designveileder.no\/index.php?rest_route=%2Fwp%2Fv2%2Fmedia&parent=44"}],"curies":[{"name":"wp","href":"https:\/\/api.w.org\/{rel}","templated":true}]}}