{"id":434,"date":"2024-09-02T18:12:00","date_gmt":"2024-09-02T18:12:00","guid":{"rendered":"https:\/\/designveileder.no\/?page_id=434"},"modified":"2025-01-05T15:03:08","modified_gmt":"2025-01-05T15:03:08","slug":"filoverforing-og-videotjenester","status":"publish","type":"page","link":"https:\/\/designveileder.no\/?page_id=434","title":{"rendered":"Filoverf\u00f8ring og videotjenester"},"content":{"rendered":"<p><strong><span style=\"color: #993366;\">I dette kapittelet<\/span> <\/strong>gir vi et knippe tips til programvare og tjenester som gjelder h\u00e5ndtering av videomateriale.<\/p>\n<h2>Redigering av videoer<\/h2>\n<p>Hvis du har planlagt videoen godt og gjort et vellykket opptak med treffende tale, kan du gjerne bruke eller publisere videoen som den er. Ofte er redigering likevel viktig.<\/p>\n<p>Det er mulig \u00e5 redigere video-opptak til en viss grad p\u00e5 mobiltelefonen, for eksempel klippe, beskj\u00e6re, legge til bilde-effekter, tekst, musikk o.l. Som arbeidsflate er nok ikke mobilens lille skjerm den mest praktiske. Derfor redigerer de fleste videoene sine p\u00e5 PC\/Mac. Vanlig programvare for redigering av bilder og video for PC er Windows Movie Maker og Canva <a href=\"#_ftn1\" name=\"_ftnref1\">[1]<\/a> iMovie for Mac. I tillegg fins mange popul\u00e6re programmer for dette, b\u00e5de gratis og betalingsbaserte (eksempelvis Lightworks <a href=\"#_ftn2\" name=\"_ftnref2\">[2]<\/a> og Movavi <a href=\"#_ftn3\" name=\"_ftnref3\">[3]<\/a>).<\/p>\n<h2>Overf\u00f8ring av videoer (filoverf\u00f8ring)<\/h2>\n<p>For \u00e5 flytte videoer mellom enheter, kan flere alternative benyttes:<\/p>\n<p>S\u00e6rlig korte videoer lar seg sende med e-post eller apper i sosiale medier som etablerer kontakt mellom brukere.<\/p>\n<p>Bluetooth er et alternativ hvis du \u00f8nsker \u00e5 flytte en videofil mellom to mobiler. Det kan dog ta en del tid og den fysiske avstanden kan ikke v\u00e6re s\u00e6rlig stor.<\/p>\n<p>Programmer for filoverf\u00f8ring fungerer best n\u00e5r videofilen er stor. Ett eksempler er WeTransfer <a href=\"#_ftn4\" name=\"_ftnref4\">[4]<\/a> hvis overf\u00f8ringsprosedyre er meget enkel, i grunn fra avsenders e-postadresse til mottakerens tilsvarende.<\/p>\n<p>Fells skytjenester kan ogs\u00e5 brukes der, enkelt beskrevet, den ene registrerte brukeren laster opp en videofil, og den andre laster den ned fra et fellesomr\u00e5de. Eksempler er Dropbox <a href=\"#_ftn5\" name=\"_ftnref5\">[5]<\/a>, Google Drive <a href=\"#_ftn6\" name=\"_ftnref6\">[6]<\/a> og SharePoint <a href=\"#_ftn7\" name=\"_ftnref7\">[7]<\/a>.<\/p>\n<h2>Videodelingstjenester<\/h2>\n<p>Noen ganer skal videoer plasseres p\u00e5 en delingstjeneste. Dette er aktuelt for eksempel n\u00e5r instruksjonsvideoer skal lagres p\u00e5 en ekstern delingsplattform med mulighet \u00e5 lenke til videoen eller n\u00e5r du \u00f8nsker \u00e5 bygge den inn p\u00e5 en nettside. To velkjente plattformer er Vimeo<a href=\"#_ftn8\" name=\"_ftnref8\">[8]<\/a> og YouTube<a href=\"#_ftn9\" name=\"_ftnref9\">[9]<\/a>. P\u00e5 begge tjenester kan du ha konto for lagring av og innstillinger for videoene dine.<\/p>\n<p>Det er gratis \u00e5 se p\u00e5 mange videoer p\u00e5 disse plattformene. I tillegg fins det betalingsversjoner av tjenestene, med \u00e5rlige eller m\u00e5nedlige abonnementer. Fordelen av disse i en e-l\u00e6ringssammenheng er at da slipper brukeren \u00e5 bli avbrutt av reklame, noe som er gunstig personer som ikke burde se bestemt innhold, bli fristet eller bli forstyrret av irrelevant innhold.<\/p>\n<p>For \u00e5 bruke sidde tjenestene fins mange veiledninger (tutorials) n\u00e5 nettet, p\u00e5 selve tjenestene. Prosedyren for \u00e5 en video til \u00e5 bli bygd inn p\u00e5 en nettside har vanligvis et lite antall faste trinn: lag bruker og logg deg inn p\u00e5 tjenesten, last opp din video, velg innstillinger for videoen (f.eks. hvilke kontroller videoen skal ha), kopier innbyggingslenke for videoen, lagre lenken p\u00e5 nettsiden der videoen skal vises.<\/p>\n<p>&nbsp;<\/p>\n<p><a href=\"#_ftnref1\" name=\"_ftn1\">[1]<\/a> <a href=\"https:\/\/www.canva.com\/\">https:\/\/www.canva.com\/<\/a><\/p>\n<p><a href=\"#_ftnref2\" name=\"_ftn2\">[2]<\/a> <a href=\"https:\/\/lwks.com\/\">https:\/\/lwks.com\/<\/a><\/p>\n<p><a href=\"#_ftnref3\" name=\"_ftn3\">[3]<\/a> <a href=\"https:\/\/www.movavi.com\/\">https:\/\/www.movavi.com\/<\/a><\/p>\n<p><a href=\"#_ftnref4\" name=\"_ftn4\">[4]<\/a> <a href=\"https:\/\/wetransfer.com\/\">https:\/\/wetransfer.com\/<\/a><\/p>\n<p><a href=\"#_ftnref5\" name=\"_ftn5\">[5]<\/a> <a href=\"https:\/\/www.dropbox.com\/\">https:\/\/www.dropbox.com\/<\/a><\/p>\n<p><a href=\"#_ftnref6\" name=\"_ftn6\">[6]<\/a> <a href=\"https:\/\/workspace.google.com\/products\/drive\/\">https:\/\/workspace.google.com\/products\/drive\/<\/a><\/p>\n<p><a href=\"#_ftnref7\" name=\"_ftn7\">[7]<\/a> <a href=\"https:\/\/www.microsoft.com\/en-us\/microsoft-365\/sharepoint\/collaboration\">https:\/\/www.microsoft.com\/en-us\/microsoft-365\/sharepoint\/collaboration<\/a><\/p>\n<p><a href=\"#_ftnref8\" name=\"_ftn8\">[8]<\/a> <a href=\"https:\/\/vimeo.com\/\">https:\/\/vimeo.com\/<\/a><\/p>\n<p><a href=\"#_ftnref9\" name=\"_ftn9\">[9]<\/a> <a href=\"https:\/\/www.youtube.com\/\">https:\/\/www.youtube.com\/<\/a><\/p>\n","protected":false},"excerpt":{"rendered":"<p>I dette kapittelet gir vi et knippe tips til programvare og tjenester som gjelder h\u00e5ndtering av videomateriale. Redigering av videoer Hvis du har planlagt videoen godt og gjort et vellykket opptak med treffende tale, kan du gjerne bruke eller publisere videoen som den er. Ofte er redigering likevel viktig. Det er mulig \u00e5 redigere video-opptak [&hellip;]<\/p>\n","protected":false},"author":1,"featured_media":0,"parent":0,"menu_order":0,"comment_status":"closed","ping_status":"closed","template":"","meta":{"footnotes":""},"_links":{"self":[{"href":"https:\/\/designveileder.no\/index.php?rest_route=\/wp\/v2\/pages\/434"}],"collection":[{"href":"https:\/\/designveileder.no\/index.php?rest_route=\/wp\/v2\/pages"}],"about":[{"href":"https:\/\/designveileder.no\/index.php?rest_route=\/wp\/v2\/types\/page"}],"author":[{"embeddable":true,"href":"https:\/\/designveileder.no\/index.php?rest_route=\/wp\/v2\/users\/1"}],"replies":[{"embeddable":true,"href":"https:\/\/designveileder.no\/index.php?rest_route=%2Fwp%2Fv2%2Fcomments&post=434"}],"version-history":[{"count":8,"href":"https:\/\/designveileder.no\/index.php?rest_route=\/wp\/v2\/pages\/434\/revisions"}],"predecessor-version":[{"id":799,"href":"https:\/\/designveileder.no\/index.php?rest_route=\/wp\/v2\/pages\/434\/revisions\/799"}],"wp:attachment":[{"href":"https:\/\/designveileder.no\/index.php?rest_route=%2Fwp%2Fv2%2Fmedia&parent=434"}],"curies":[{"name":"wp","href":"https:\/\/api.w.org\/{rel}","templated":true}]}}