{"id":412,"date":"2024-09-02T06:33:59","date_gmt":"2024-09-02T06:33:59","guid":{"rendered":"https:\/\/designveileder.no\/?page_id=412"},"modified":"2025-01-06T13:51:57","modified_gmt":"2025-01-06T13:51:57","slug":"universell-utforming-og-tlgjengelighet-av-ikt","status":"publish","type":"page","link":"https:\/\/designveileder.no\/?page_id=412","title":{"rendered":"Universell utforming og tilgjengelighet av ikt"},"content":{"rendered":"<p><span style=\"color: #993366;\"><strong>I dette kapittelet:<\/strong><\/span> Her presenterer vi \u00abbakteppet\u00bb for utforming av ikt som gj\u00f8r at l\u00f8sningene blir gode \u00e5 bruke for de aller fleste \u2013 nemlig standarder for universell utforming og tilgjengelighet. Disse er ogs\u00e5 begynnelsen av veien mot utvikling av tilgjengelige e-l\u00e6ringsl\u00f8sninger for brukere med nedsatt kognitiv funksjonsevne.<\/p>\n<p>Universell utforming (uu) av ikt-l\u00f8sninger betyr at de <strong>vanligste funksjonene kan benyttes av flest mulig uten s\u00e6rskilt tilrettelegging<\/strong>. Tilgjengelighet dreier seg om \u00e5 <em>tilrettelegge<\/em> for mennesker med spesielle behov (som regel nedsatt funksjonsevne), og gjelder ogs\u00e5 ikt. Universell utforming av ikt er nedfestet i Likestillings- og diskrimineringsloven <a href=\"#_ftn1\" name=\"_ftnref1\">[1]<\/a> (Lov om likestilling og forbud mot diskriminering). Denne loven fastsetter at ikt skal v\u00e6re universelt utformet og tilgjengelig for alle i samfunnet. Dette gjelder ogs\u00e5 brukere med nedsatt funksjonsevne. (Mer detaljerte regler innenfor lovens felter gis i forskriften om universell utforming av ikt-l\u00f8sninger <a href=\"#_ftn2\" name=\"_ftnref2\">[2]<\/a>, og senere endringer i denne forskriften <a href=\"#_ftn3\" name=\"_ftnref3\">[3]<\/a>.) Ikt i lovens virkeomr\u00e5de dekker nettsteder, apper og selvbetjeningsautomater som brukerne m\u00f8ter i hverdagen <a href=\"#_ftn4\" name=\"_ftnref4\">[4]<\/a>.<\/p>\n<p>Universell utforming og tilgjengelighet av ikt er basert p\u00e5 WCAG-standarden (Web Content Accessibility Guidelines av standardiseringsorganisasjonen W3C, World Wide Web Consortium <a href=\"#_ftn5\" name=\"_ftnref5\">[5]<\/a>). Uu-tilsynet (Tilsynet for universell utforming av ikt) har en helhetlig oversikt over de deler av standarden (p\u00e5 norsk) som skal f\u00f8lges av offentlig og privat sektor <a href=\"#_ftn6\" name=\"_ftnref6\">[6]<\/a>.<\/p>\n<p>Et viktig omr\u00e5de av uu og tilgjengelighet av ikt gjelder personer med kognitive funksjonsnedsettelser. For dem vil spesielt WCAG-kravene med prinsipper og retningslinjer om <strong>kognitiv tilgjengelighet<\/strong> v\u00e6re s\u00e6rs viktige. Disse er forklart p\u00e5 <a href=\"#_ftn7\" name=\"_ftnref7\">[7]<\/a>, med ytterligere informasjon, mer detaljer og suksesskriterier p\u00e5 nettstedet:<\/p>\n<p><strong>1. Mulig \u00e5 oppfatte<\/strong>: Informasjon og brukergrensesnittkomponenter m\u00e5 presenteres for brukere p\u00e5 m\u00e5ter de kan oppfatte.<\/p>\n<p>Herunder:<\/p>\n<p style=\"padding-left: 40px;\"><strong>1.3 Mulig \u00e5 tilpasse<\/strong>: Lag innhold som kan presenteres p\u00e5 forskjellige m\u00e5ter (for eksempel med enklere layout) uten at informasjon eller struktur g\u00e5r tapt.<\/p>\n<p style=\"padding-left: 40px;\"><strong>1.4<\/strong> <strong>Mulig \u00e5 skille fra hverandre<\/strong>: Gj\u00f8r det enklere for brukerne \u00e5 se og h\u00f8re innhold, blant annet ved \u00e5 skille forgrunnen fra bakgrunnen.<\/p>\n<p><strong>2. Mulig \u00e5 betjene<\/strong>: Det m\u00e5 v\u00e6re mulig \u00e5 betjene brukergrensesnittkomponenter og navigeringsfunksjoner.<\/p>\n<p>Herunder:<\/p>\n<p style=\"padding-left: 40px;\"><strong>2.2 Nok tid<\/strong>: Gi brukerne nok tid til \u00e5 lese og bruke innhold.<\/p>\n<p style=\"padding-left: 40px;\"><strong>2.4 Navigerbar<\/strong>: Gj\u00f8r det mulig for brukerne \u00e5 navigere, finne innhold og vite hvor de befinner seg.<\/p>\n<p><strong>3. Forst\u00e5elig<\/strong>: Det m\u00e5 v\u00e6re mulig \u00e5 forst\u00e5 informasjon og betjening av brukergrensesnitt.<\/p>\n<p>Herunder:<\/p>\n<p style=\"padding-left: 40px;\"><strong>3.1 Leselig<\/strong>: Gj\u00f8r innholdet leselig og forst\u00e5elig.<\/p>\n<p style=\"padding-left: 40px;\"><strong>3.2 Forutsigbar<\/strong>: S\u00f8rg for at nettsider presenteres og fungerer p\u00e5 forutsigbare m\u00e5ter.<\/p>\n<p style=\"padding-left: 40px;\"><strong>3.3 Inndatahjelp<\/strong>: Hjelp brukere med \u00e5 unng\u00e5 feil og \u00e5 korrigere feil.<\/p>\n<p>Den \u00abtotale pakken\u00bb av retningslinjer for tilgjengelig webinnhold (WCAG) best\u00e5r av fire prinsipper. Prinsippene underst\u00f8ttes av 13 retningslinjer og 78 suksesskriterier.<\/p>\n<p>Denne designveilederen handler om utvikling av e-l\u00e6ring for mennesker med <em>kognitivt nedsatt<\/em> funksjonsevne, for mennesker med utviklingshemning og personer med mild kognitiv svikt som eksempler. I denne sammenhengen vil ovennevnte prinsipper og retningslinjer v\u00e6re sentrale \u00e5 f\u00f8lge. I tillegg vil en del tilrettelegging v\u00e6re n\u00f8dvendig. Gjennom denne veilederen vil vi presentere metodikker og eksempler fra v\u00e5rt konkrete utviklingsarbeid om e-l\u00e6ringsl\u00f8sninger som tar hensyn til de spesielle egenskapene og brukerkravene som gjelder for de f\u00f8r nevnte gruppene.<\/p>\n<p><a href=\"#_ftnref1\" name=\"_ftn1\">[1]<\/a> <a href=\"https:\/\/lovdata.no\/dokument\/NL\/lov\/2017-06-16-51\">https:\/\/lovdata.no\/dokument\/NL\/lov\/2017-06-16-51<\/a><\/p>\n<p><a href=\"#_ftnref2\" name=\"_ftn2\">[2]<\/a> <a href=\"https:\/\/lovdata.no\/dokument\/SF\/forskrift\/2013-06-21-732\">https:\/\/lovdata.no\/dokument\/SF\/forskrift\/2013-06-21-732<\/a><\/p>\n<p><a href=\"#_ftnref3\" name=\"_ftn3\">[3]<\/a> <a href=\"https:\/\/lovdata.no\/dokument\/LTI\/forskrift\/2021-12-21-3939\">https:\/\/lovdata.no\/dokument\/LTI\/forskrift\/2021-12-21-3939<\/a><\/p>\n<p><a href=\"#_ftnref4\" name=\"_ftn4\">[4]<\/a> <a href=\"https:\/\/www.uutilsynet.no\/veiledning\/intro-til-universell-utforming\/238\">https:\/\/www.uutilsynet.no\/veiledning\/intro-til-universell-utforming\/238<\/a> <strong>og<\/strong> <a href=\"https:\/\/www.digdir.no\/standarder\/universell-utforming-av-ikt\/1499\">https:\/\/www.digdir.no\/standarder\/universell-utforming-av-ikt\/1499<\/a><\/p>\n<p><a href=\"#_ftnref5\" name=\"_ftn5\">[5]<\/a> <a href=\"https:\/\/www.w3.org\/\">https:\/\/www.w3.org\/<\/a><\/p>\n<p><a href=\"#_ftnref6\" name=\"_ftn6\">[6]<\/a> <a href=\"https:\/\/www.uutilsynet.no\/wcag-standarden\/wcag-standarden\/86\">https:\/\/www.uutilsynet.no\/wcag-standarden\/wcag-standarden\/86<\/a><\/p>\n<p><a href=\"#_ftnref7\" name=\"_ftn7\">[7]<\/a> <a href=\"https:\/\/www.w3.org\/Translations\/WCAG21-no\/\">https:\/\/www.w3.org\/Translations\/WCAG21-no\/<\/a> <strong>og<\/strong><\/p>\n<p><a href=\"https:\/\/www.uutilsynet.no\/wcag-standarden\/wcag-sortert-etter-prinsipp\/713\">https:\/\/www.uutilsynet.no\/wcag-standarden\/wcag-sortert-etter-prinsipp\/713<\/a><\/p>\n","protected":false},"excerpt":{"rendered":"<p>I dette kapittelet: Her presenterer vi \u00abbakteppet\u00bb for utforming av ikt som gj\u00f8r at l\u00f8sningene blir gode \u00e5 bruke for de aller fleste \u2013 nemlig standarder for universell utforming og tilgjengelighet. Disse er ogs\u00e5 begynnelsen av veien mot utvikling av tilgjengelige e-l\u00e6ringsl\u00f8sninger for brukere med nedsatt kognitiv funksjonsevne. Universell utforming (uu) av ikt-l\u00f8sninger betyr at [&hellip;]<\/p>\n","protected":false},"author":1,"featured_media":0,"parent":0,"menu_order":0,"comment_status":"closed","ping_status":"closed","template":"","meta":{"footnotes":""},"_links":{"self":[{"href":"https:\/\/designveileder.no\/index.php?rest_route=\/wp\/v2\/pages\/412"}],"collection":[{"href":"https:\/\/designveileder.no\/index.php?rest_route=\/wp\/v2\/pages"}],"about":[{"href":"https:\/\/designveileder.no\/index.php?rest_route=\/wp\/v2\/types\/page"}],"author":[{"embeddable":true,"href":"https:\/\/designveileder.no\/index.php?rest_route=\/wp\/v2\/users\/1"}],"replies":[{"embeddable":true,"href":"https:\/\/designveileder.no\/index.php?rest_route=%2Fwp%2Fv2%2Fcomments&post=412"}],"version-history":[{"count":12,"href":"https:\/\/designveileder.no\/index.php?rest_route=\/wp\/v2\/pages\/412\/revisions"}],"predecessor-version":[{"id":763,"href":"https:\/\/designveileder.no\/index.php?rest_route=\/wp\/v2\/pages\/412\/revisions\/763"}],"wp:attachment":[{"href":"https:\/\/designveileder.no\/index.php?rest_route=%2Fwp%2Fv2%2Fmedia&parent=412"}],"curies":[{"name":"wp","href":"https:\/\/api.w.org\/{rel}","templated":true}]}}