{"id":404,"date":"2024-09-02T06:24:56","date_gmt":"2024-09-02T06:24:56","guid":{"rendered":"https:\/\/designveileder.no\/?page_id=404"},"modified":"2024-10-01T19:38:23","modified_gmt":"2024-10-01T19:38:23","slug":"tilgjengelighetserklaering","status":"publish","type":"page","link":"https:\/\/designveileder.no\/?page_id=404","title":{"rendered":"Tilgjengelighetserkl\u00e6ring"},"content":{"rendered":"<p><span style=\"color: #993366;\"><strong>I dette kapittelet: <\/strong><\/span>Her fins en kortfattet beskrivelse av tilgjengelighetserkl\u00e6ring av nettsteder og apper.<\/p>\n<p>En tilgjengelighetserkl\u00e6ring er f\u00f8rst og fremst rette mot brukerne av nettsteder eller apper. Erkl\u00e6ringen dokumenterer i hvilken grad nettstedet eller appen er universelt utformet. Tilsynet for universell utforming (uutilsynet) av ikt har en introduksjon til universell utforming <a href=\"#_ftn1\" name=\"_ftnref1\">[1]<\/a> og her en video om uu av ikt <a href=\"#_ftn2\" name=\"_ftnref2\">[2]<\/a>. De har ogs\u00e5 et e-l\u00e6ringskurs <a href=\"#_ftn3\" name=\"_ftnref3\">[3]<\/a> om universell utforming av nettinnhold.<\/p>\n<p>Alle virksomheter i offentlig sektor m\u00e5 kartlegge nettstedets eller appens status og publisere en tilgjengelighetserkl\u00e6ring som skal ligge \u00e5pen for alle p\u00e5 nettstedet eller i appen. N\u00e5r det gjelder e-l\u00e6ringsl\u00f8sninger, vil en tilgjengelighetserkl\u00e6ring v\u00e6re n\u00f8dvendig hvis l\u00f8sningen tilbys som del av offentlig sektors nettsteder eller apper rettet mot publikum.<\/p>\n<p>Skulle det v\u00e6re aktuelt \u00e5 utvikle en tilgjengelighetserkl\u00e6ring for e-l\u00e6ringsl\u00f8sningen, vil arbeidet best\u00e5 av f\u00f8lgende faser:<\/p>\n<ol>\n<li>Framskaffe kunnskap om kravet til universell utforming<\/li>\n<li>Teste nettstedet eller appen<\/li>\n<li>Ordne tilgang til og p\u00e5logging for tilgjengelighetserkl\u00e6ring<\/li>\n<li>Fylle ut tilgjengelighetserkl\u00e6ringsskjemaet<\/li>\n<li>Publisere tilgjengelighetserkl\u00e6ringen<\/li>\n<li>Senere: Oppdatere tilgjengelighetserkl\u00e6ringen<\/li>\n<\/ol>\n<p>Detaljert veiledning fins p\u00e5 uutilsynets nettsted <a href=\"#_ftn4\" name=\"_ftnref4\">[4]<\/a>.<\/p>\n<p><a href=\"#_ftnref1\" name=\"_ftn1\">[1]<\/a> <a href=\"https:\/\/www.uutilsynet.no\/veiledning\/intro-til-universell-utforming\/238\">https:\/\/www.uutilsynet.no\/veiledning\/intro-til-universell-utforming\/238<\/a><\/p>\n<p><a href=\"#_ftnref2\" name=\"_ftn2\">[2]<\/a> <a href=\"https:\/\/youtu.be\/mZFpcHSDdvk\">https:\/\/youtu.be\/mZFpcHSDdvk<\/a><\/p>\n<p><a href=\"#_ftnref3\" name=\"_ftn3\">[3]<\/a> <a href=\"https:\/\/www.uutilsynet.no\/veiledning\/e-laeringskurs-om-universell-utforming-av-nettinnhold\/199\">https:\/\/www.uutilsynet.no\/veiledning\/e-laeringskurs-om-universell-utforming-av-nettinnhold\/199<\/a><\/p>\n<p><a href=\"#_ftnref4\" name=\"_ftn4\">[4]<\/a> <a href=\"https:\/\/www.uutilsynet.no\/tilgjengelighetserklaering\/veiledningspakke-kartlegging-og-testing-av-nettstedet\/1389\">https:\/\/www.uutilsynet.no\/tilgjengelighetserklaering\/veiledningspakke-kartlegging-og-testing-av-nettstedet\/1389<\/a><\/p>\n<p>&nbsp;<\/p>\n","protected":false},"excerpt":{"rendered":"<p>I dette kapittelet: Her fins en kortfattet beskrivelse av tilgjengelighetserkl\u00e6ring av nettsteder og apper. En tilgjengelighetserkl\u00e6ring er f\u00f8rst og fremst rette mot brukerne av nettsteder eller apper. Erkl\u00e6ringen dokumenterer i hvilken grad nettstedet eller appen er universelt utformet. Tilsynet for universell utforming (uutilsynet) av ikt har en introduksjon til universell utforming [1] og her en [&hellip;]<\/p>\n","protected":false},"author":1,"featured_media":0,"parent":0,"menu_order":0,"comment_status":"closed","ping_status":"closed","template":"","meta":{"footnotes":""},"_links":{"self":[{"href":"https:\/\/designveileder.no\/index.php?rest_route=\/wp\/v2\/pages\/404"}],"collection":[{"href":"https:\/\/designveileder.no\/index.php?rest_route=\/wp\/v2\/pages"}],"about":[{"href":"https:\/\/designveileder.no\/index.php?rest_route=\/wp\/v2\/types\/page"}],"author":[{"embeddable":true,"href":"https:\/\/designveileder.no\/index.php?rest_route=\/wp\/v2\/users\/1"}],"replies":[{"embeddable":true,"href":"https:\/\/designveileder.no\/index.php?rest_route=%2Fwp%2Fv2%2Fcomments&post=404"}],"version-history":[{"count":5,"href":"https:\/\/designveileder.no\/index.php?rest_route=\/wp\/v2\/pages\/404\/revisions"}],"predecessor-version":[{"id":562,"href":"https:\/\/designveileder.no\/index.php?rest_route=\/wp\/v2\/pages\/404\/revisions\/562"}],"wp:attachment":[{"href":"https:\/\/designveileder.no\/index.php?rest_route=%2Fwp%2Fv2%2Fmedia&parent=404"}],"curies":[{"name":"wp","href":"https:\/\/api.w.org\/{rel}","templated":true}]}}