{"id":389,"date":"2024-08-26T06:15:42","date_gmt":"2024-08-26T06:15:42","guid":{"rendered":"https:\/\/designveileder.no\/?page_id=389"},"modified":"2025-01-06T21:16:09","modified_gmt":"2025-01-06T21:16:09","slug":"symboler-og-tegn-for-tekst","status":"publish","type":"page","link":"https:\/\/designveileder.no\/?page_id=389","title":{"rendered":"Symboler og tegn for tekst"},"content":{"rendered":"<p><span style=\"color: #993366;\"><strong>I dette kapittelet<\/strong><\/span>\u00a0gir vi eksempler p\u00e5 hvordan knytte symboler og enkelt tegnspr\u00e5k til e-l\u00e6ringsl\u00f8sninger.<\/p>\n<p>Mange mennesker med kognitivt nedsatt funksjonsevne, spesielt de med utviklingshemning, har utfordringer med l\u00e6ring, lesing og skriving. Det kan da v\u00e6re til hjelp \u00e5 st\u00f8tte lesing med symboler og\/eller tegn for tekst.<\/p>\n<p>Til digitale l\u00f8sninger er det mulig \u00e5 knytte programvare som &#8220;oversetter&#8221; teksten til symboler i sanntid, ord for ord. Dette fungerer typisk slik at n\u00e5r brukeren beveger musepekeren over, eller ber\u00f8rer ordet p\u00e5 en ber\u00f8ringsskjerm, vises et symbol eller flere alternative symboler for det aktuelle ordet. Dette forutsetter dog, at brukeren er vant til og behersker symbolspr\u00e5ket. Leverand\u00f8rer av symbolverkt\u00f8y gir veiledning om hvordan &#8220;symbolmotoren&#8221; knyttes teknisk til en e-l\u00e6ringsl\u00f8sning.<\/p>\n<p>Det er ogs\u00e5 mulig \u00e5 &#8220;symbolskrive&#8221; dokumenter for brukere, f.eks. for nedlasting og utskrift. Det kan v\u00e6re forenklet tekst med symboler for brukere som ikke mestrer lettest. Ett eksempel p\u00e5 programvare for symboler for digitale medier og dokumenter er SymWriter <a href=\"#_ftn1\" name=\"_ftnref1\">[1]<\/a> med mange funksjoner for symbolbruk.<\/p>\n<p>Brukere som trenger tegn for ord, kan ha nytte av Tegnbanken hos Statped <a href=\"#_ftn2\" name=\"_ftnref2\">[2]<\/a>. For \u00e5 kunne bruke Tegnbanken, er det viktig \u00e5 kontakte Statped for \u00e5 gi informasjon om bruken og \u00e5 f\u00e5 tillatelse til planlagt bruk. Til slutt, for \u00e5 legge til fullverdig tegnspr\u00e5k i en en-l\u00e6ringsl\u00f8sning, vil video-opptak av tegnspr\u00e5ktolk v\u00e6re \u00e5 anbefale. Mange tolker er ansatt ved tolketjenesten i NAV <a href=\"#_ftn3\" name=\"_ftnref3\">[3]<\/a>. Tolketjenesten er hovedformidler av tolkeoppdrag i Norge. Mange tegnspr\u00e5ktolker jobber som frilansere som tar oppdrag for tolketjenesten i NAV Hjelpemiddelsentral <a href=\"#_ftn4\" name=\"_ftnref4\">[4]<\/a>.<\/p>\n<p><a href=\"#_ftnref1\" name=\"_ftn1\"><\/a><\/p>\n<figure id=\"attachment_522\" aria-describedby=\"caption-attachment-522\" style=\"width: 550px\" class=\"wp-caption aligncenter\"><img loading=\"lazy\" decoding=\"async\" class=\"wp-image-522\" src=\"https:\/\/designveileder.no\/wp-content\/uploads\/2024\/09\/Sanntidssymoler-300x169.png\" alt=\"Skjermutsnitt fra e-l\u00e6rinsgl\u00f8sningen domoteus.no med tekst og symboler om \u00e5 vaske badet.\" width=\"550\" height=\"309\" srcset=\"https:\/\/designveileder.no\/wp-content\/uploads\/2024\/09\/Sanntidssymoler-300x169.png 300w, https:\/\/designveileder.no\/wp-content\/uploads\/2024\/09\/Sanntidssymoler-1024x576.png 1024w, https:\/\/designveileder.no\/wp-content\/uploads\/2024\/09\/Sanntidssymoler-768x432.png 768w, https:\/\/designveileder.no\/wp-content\/uploads\/2024\/09\/Sanntidssymoler.png 1280w\" sizes=\"(max-width: 550px) 100vw, 550px\" \/><figcaption id=\"caption-attachment-522\" class=\"wp-caption-text\">E-l\u00e6rinsgl\u00f8sningen www.domoteus.no har symboler som vises for hvert ord n\u00e5r brukeren holder musepekeren over ordet (PC\/Mac) eller trykker p\u00e5 ordet p\u00e5 en ber\u00f8ringsskjerm.<\/figcaption><\/figure>\n<p>&nbsp;<\/p>\n<figure id=\"attachment_521\" aria-describedby=\"caption-attachment-521\" style=\"width: 500px\" class=\"wp-caption aligncenter\"><img loading=\"lazy\" decoding=\"async\" class=\"wp-image-521\" src=\"https:\/\/designveileder.no\/wp-content\/uploads\/2024\/09\/Enkle-symboler-300x169.png\" alt=\"Enkelt symbolst\u00f8ttet dokument om kommunevalget i Norge.\" width=\"500\" height=\"281\" srcset=\"https:\/\/designveileder.no\/wp-content\/uploads\/2024\/09\/Enkle-symboler-300x169.png 300w, https:\/\/designveileder.no\/wp-content\/uploads\/2024\/09\/Enkle-symboler-1024x576.png 1024w, https:\/\/designveileder.no\/wp-content\/uploads\/2024\/09\/Enkle-symboler-768x432.png 768w, https:\/\/designveileder.no\/wp-content\/uploads\/2024\/09\/Enkle-symboler.png 1280w\" sizes=\"(max-width: 500px) 100vw, 500px\" \/><figcaption id=\"caption-attachment-521\" class=\"wp-caption-text\">Symbolskriving brukt p\u00e5 et dokument med forenklet spr\u00e5k for brukere som ikke mestrer vanlig lettlest (www.jegvilstemme.no).<\/figcaption><\/figure>\n<p>&nbsp;<\/p>\n<figure id=\"attachment_523\" aria-describedby=\"caption-attachment-523\" style=\"width: 550px\" class=\"wp-caption aligncenter\"><img loading=\"lazy\" decoding=\"async\" class=\"wp-image-523\" src=\"https:\/\/designveileder.no\/wp-content\/uploads\/2024\/09\/Strektegninger-300x169.png\" alt=\"Strektegning av tegnspr\u00e5k om ordet 'matpakke'.\" width=\"550\" height=\"309\" srcset=\"https:\/\/designveileder.no\/wp-content\/uploads\/2024\/09\/Strektegninger-300x169.png 300w, https:\/\/designveileder.no\/wp-content\/uploads\/2024\/09\/Strektegninger-1024x576.png 1024w, https:\/\/designveileder.no\/wp-content\/uploads\/2024\/09\/Strektegninger-768x432.png 768w, https:\/\/designveileder.no\/wp-content\/uploads\/2024\/09\/Strektegninger.png 1280w\" sizes=\"(max-width: 550px) 100vw, 550px\" \/><figcaption id=\"caption-attachment-523\" class=\"wp-caption-text\">Tegnspr\u00e5kord for &#8216;matpakke&#8217; fra www.tegnbanken.no.<\/figcaption><\/figure>\n<p>&nbsp;<\/p>\n<figure id=\"attachment_710\" aria-describedby=\"caption-attachment-710\" style=\"width: 550px\" class=\"wp-caption aligncenter\"><img loading=\"lazy\" decoding=\"async\" class=\"wp-image-710\" src=\"https:\/\/designveileder.no\/wp-content\/uploads\/2025\/01\/Tegnspraktolk-300x171.png\" alt=\"Tegnspr\u00e5ktolk tolker tekst om stortingsvalg.\" width=\"550\" height=\"314\" srcset=\"https:\/\/designveileder.no\/wp-content\/uploads\/2025\/01\/Tegnspraktolk-300x171.png 300w, https:\/\/designveileder.no\/wp-content\/uploads\/2025\/01\/Tegnspraktolk-1024x585.png 1024w, https:\/\/designveileder.no\/wp-content\/uploads\/2025\/01\/Tegnspraktolk-768x439.png 768w, https:\/\/designveileder.no\/wp-content\/uploads\/2025\/01\/Tegnspraktolk.png 1026w\" sizes=\"(max-width: 550px) 100vw, 550px\" \/><figcaption id=\"caption-attachment-710\" class=\"wp-caption-text\">Den ypperste l\u00f8sningen for tegnspr\u00e5k er naturligvis en video med tegnspr\u00e5ktolk fra e-l\u00e6ringsl\u00f8sningen www.jegvilstemme.no.<\/figcaption><\/figure>\n<p>&nbsp;<\/p>\n<p><a href=\"#_ftnref1\" name=\"_ftn1\">[1]<\/a> <a href=\"https:\/\/normedia.no\/symwriter\">https:\/\/normedia.no\/symwriter<\/a><\/p>\n<p><a href=\"#_ftnref2\" name=\"_ftn2\">[2]<\/a> <a href=\"https:\/\/www.minetegn.no\/Tegnbanken-2016\/index.php\">https:\/\/www.minetegn.no\/Tegnbanken-2016\/index.php#<\/a><\/p>\n<p><a href=\"#_ftnref3\" name=\"_ftn3\">[3]<\/a> <a href=\"https:\/\/www.nav.no\/bestille-tolk\">https:\/\/www.nav.no\/bestille-tolk<\/a><\/p>\n<p><a href=\"#_ftnref4\" name=\"_ftn4\">[4]<\/a> <a href=\"https:\/\/www.nav.no\/samarbeidspartner\/frilanstolk\">https:\/\/www.nav.no\/samarbeidspartner\/frilanstolk<\/a><\/p>\n","protected":false},"excerpt":{"rendered":"<p>I dette kapittelet\u00a0gir vi eksempler p\u00e5 hvordan knytte symboler og enkelt tegnspr\u00e5k til e-l\u00e6ringsl\u00f8sninger. Mange mennesker med kognitivt nedsatt funksjonsevne, spesielt de med utviklingshemning, har utfordringer med l\u00e6ring, lesing og skriving. Det kan da v\u00e6re til hjelp \u00e5 st\u00f8tte lesing med symboler og\/eller tegn for tekst. Til digitale l\u00f8sninger er det mulig \u00e5 knytte programvare [&hellip;]<\/p>\n","protected":false},"author":1,"featured_media":0,"parent":0,"menu_order":0,"comment_status":"closed","ping_status":"closed","template":"","meta":{"footnotes":""},"_links":{"self":[{"href":"https:\/\/designveileder.no\/index.php?rest_route=\/wp\/v2\/pages\/389"}],"collection":[{"href":"https:\/\/designveileder.no\/index.php?rest_route=\/wp\/v2\/pages"}],"about":[{"href":"https:\/\/designveileder.no\/index.php?rest_route=\/wp\/v2\/types\/page"}],"author":[{"embeddable":true,"href":"https:\/\/designveileder.no\/index.php?rest_route=\/wp\/v2\/users\/1"}],"replies":[{"embeddable":true,"href":"https:\/\/designveileder.no\/index.php?rest_route=%2Fwp%2Fv2%2Fcomments&post=389"}],"version-history":[{"count":16,"href":"https:\/\/designveileder.no\/index.php?rest_route=\/wp\/v2\/pages\/389\/revisions"}],"predecessor-version":[{"id":886,"href":"https:\/\/designveileder.no\/index.php?rest_route=\/wp\/v2\/pages\/389\/revisions\/886"}],"wp:attachment":[{"href":"https:\/\/designveileder.no\/index.php?rest_route=%2Fwp%2Fv2%2Fmedia&parent=389"}],"curies":[{"name":"wp","href":"https:\/\/api.w.org\/{rel}","templated":true}]}}