{"id":347,"date":"2024-08-24T07:40:09","date_gmt":"2024-08-24T07:40:09","guid":{"rendered":"https:\/\/designveileder.no\/?page_id=347"},"modified":"2025-01-06T21:05:10","modified_gmt":"2025-01-06T21:05:10","slug":"demensvennlig-utvikling","status":"publish","type":"page","link":"https:\/\/designveileder.no\/?page_id=347","title":{"rendered":"Demensvennlig utvikling"},"content":{"rendered":"<p><span style=\"color: #993366;\"><strong>I dette kapittelet:<\/strong><\/span> I dette kapittelet kan du studere Deep-veiledere som dreier om diverse r\u00e5d for utarbeiding av materiell for mennesker med demens. De inneholder gode r\u00e5d for ulike faser av utviklingsprosjekter som ogs\u00e5 kan dreie seg om e-l\u00e6ring for m\u00e5lgruppen.<\/p>\n<p>Deep-veilederne ble opprinnelig utarbeidet i Storbritannia for mange \u00e5r siden i The Dementia Engagement and Empowerment Project. Innholdet er likevel fortsatt relevant. Karde oversatte veilederne fra engelsk til norsk i 2004, med st\u00f8tte fra Deltasenteret ved Barne-, ungdoms- og familiedirektoratet (Bufdir), og med godkjenning fra Deep-programmet selv. Under finner du henvisning til hver av de ti veilederne p\u00e5 norsk.<\/p>\n<ul>\n<li>Demensvennlige m\u00f8teplasser <a href=\"#_ftn1\" name=\"_ftnref1\">[1]<\/a><\/li>\n<li>Innsamling av synspunkter\u00a0til personer med demens <a href=\"#_ftn2\" name=\"_ftnref2\">[2]<\/a><\/li>\n<li>Involvering av personer med demens p\u00e5 konferanser\u00a0og arrangementer <a href=\"#_ftn3\" name=\"_ftnref3\">[3]<\/a><\/li>\n<li>Tips til organisasjoner\u00a0som \u00f8nsker \u00e5 konsultere personer med demens om skriftlige dokumenter <a href=\"#_ftn4\" name=\"_ftnref4\">[4]<\/a><\/li>\n<li>Utvikling av nettsider\u00a0for personer med demens <a href=\"#_ftn5\" name=\"_ftnref5\">[5]<\/a><\/li>\n<li>Veiledning for filmskapere\u00a0som arbeider med personer med demens <a href=\"#_ftn6\" name=\"_ftnref6\">[6]<\/a><\/li>\n<li>Involvering av mennesker med demens i rekruttering\u00a0og utvelgelse <a href=\"#_ftn7\" name=\"_ftnref7\">[7]<\/a><\/li>\n<li>Tips til arbeidsgivere\u00a0som \u00f8nsker \u00e5 v\u00e6re mer demensvennlige <a href=\"#_ftn8\" name=\"_ftnref8\">[8]<\/a><\/li>\n<li>Lydopptak\u00a0for \u00e5 spre et budskap <a href=\"#_ftn9\" name=\"_ftnref9\">[9]<\/a><\/li>\n<li>Demensvennlig informasjon <a href=\"#_ftn10\" name=\"_ftnref10\">[10]<\/a><\/li>\n<\/ul>\n<p>Veilederne har etter hvert gjennomg\u00e5tt visse oppdateringer, og er tilgjengelig for nedlasting p\u00e5 engelsk p\u00e5 \u2018The UK Network of Dementia voices\u2019 sine nettsider <a href=\"#_ftn11\" name=\"_ftnref11\">[11]<\/a>.<\/p>\n<figure id=\"attachment_364\" aria-describedby=\"caption-attachment-364\" style=\"width: 400px\" class=\"wp-caption aligncenter\"><img loading=\"lazy\" decoding=\"async\" class=\"wp-image-364\" src=\"https:\/\/designveileder.no\/wp-content\/uploads\/2024\/08\/Deep-veileder5-284x300.png\" alt=\"Utsnitt av en Deep-veileder med tekst og bilde av to eldre mennesker.\" width=\"400\" height=\"423\" srcset=\"https:\/\/designveileder.no\/wp-content\/uploads\/2024\/08\/Deep-veileder5-284x300.png 284w, https:\/\/designveileder.no\/wp-content\/uploads\/2024\/08\/Deep-veileder5.png 681w\" sizes=\"(max-width: 400px) 100vw, 400px\" \/><figcaption id=\"caption-attachment-364\" class=\"wp-caption-text\">Skjermklipp av Deep-veileder nr. 5 om utvikling av nettsider for personer med demens. Alle Deep-veilederne har tilsvarende utforming.<\/figcaption><\/figure>\n<p>&nbsp;<\/p>\n<p><a href=\"#_ftnref1\" name=\"_ftn1\">[1]<\/a> <a href=\"https:\/\/www.karde.no\/wp-content\/uploads\/2014\/10\/1-Demensvennlige-moteplasser.pdf\">https:\/\/www.karde.no\/wp-content\/uploads\/2014\/10\/1-Demensvennlige-moteplasser.pdf<\/a><\/p>\n<p><a href=\"#_ftnref2\" name=\"_ftn2\">[2]<\/a> <a href=\"https:\/\/www.karde.no\/wp-content\/uploads\/2014\/10\/2-Innsamling-av-synspunkter.pdf\">https:\/\/www.karde.no\/wp-content\/uploads\/2014\/10\/2-Innsamling-av-synspunkter.pdf<\/a><\/p>\n<p><a href=\"#_ftnref3\" name=\"_ftn3\">[3]<\/a> <a href=\"https:\/\/www.karde.no\/wp-content\/uploads\/2014\/10\/3-Konferanser-og-arrangementer.pdf\">https:\/\/www.karde.no\/wp-content\/uploads\/2014\/10\/3-Konferanser-og-arrangementer.pdf<\/a><\/p>\n<p><a href=\"#_ftnref4\" name=\"_ftn4\">[4]<\/a> <a href=\"https:\/\/www.karde.no\/wp-content\/uploads\/2014\/10\/4-Tips-til-organisasjoner.pdf\">https:\/\/www.karde.no\/wp-content\/uploads\/2014\/10\/4-Tips-til-organisasjoner.pdf<\/a><\/p>\n<p><a href=\"#_ftnref5\" name=\"_ftn5\">[5]<\/a> <a href=\"https:\/\/www.karde.no\/wp-content\/uploads\/2014\/10\/5-Utvikling-av-nettsider-for-personer-med-demens.pdf\">https:\/\/www.karde.no\/wp-content\/uploads\/2014\/10\/5-Utvikling-av-nettsider-for-personer-med-demens.pdf<\/a><\/p>\n<p><a href=\"#_ftnref6\" name=\"_ftn6\">[6]<\/a> <a href=\"https:\/\/www.karde.no\/wp-content\/uploads\/2014\/10\/6-Veiledning-for-filmskapere.pdf\">https:\/\/www.karde.no\/wp-content\/uploads\/2014\/10\/6-Veiledning-for-filmskapere.pdf<\/a><\/p>\n<p><a href=\"#_ftnref7\" name=\"_ftn7\">[7]<\/a> <a href=\"https:\/\/www.karde.no\/wp-content\/uploads\/2014\/10\/7-Rekruttering-og-utvelgelse.pdf\">https:\/\/www.karde.no\/wp-content\/uploads\/2014\/10\/7-Rekruttering-og-utvelgelse.pdf<\/a><\/p>\n<p><a href=\"#_ftnref8\" name=\"_ftn8\">[8]<\/a> <a href=\"https:\/\/www.karde.no\/wp-content\/uploads\/2014\/10\/8-Tips-til-arbeidsgivere.pdf\">https:\/\/www.karde.no\/wp-content\/uploads\/2014\/10\/8-Tips-til-arbeidsgivere.pdf<\/a><\/p>\n<p><a href=\"#_ftnref9\" name=\"_ftn9\">[9]<\/a> <a href=\"https:\/\/www.karde.no\/wp-content\/uploads\/2014\/10\/9-Lydopptak-for-a-spre-et-budskap.pdf\">https:\/\/www.karde.no\/wp-content\/uploads\/2014\/10\/9-Lydopptak-for-a-spre-et-budskap.pdf<\/a><\/p>\n<p><a href=\"#_ftnref10\" name=\"_ftn10\">[10]<\/a> <a href=\"https:\/\/www.karde.no\/wp-content\/uploads\/2014\/10\/10-Demensvennlig-informasjon.pdf\">https:\/\/www.karde.no\/wp-content\/uploads\/2014\/10\/10-Demensvennlig-informasjon.pdf<\/a><\/p>\n<p><a href=\"#_ftnref11\" name=\"_ftn11\">[11]<\/a> <a href=\"https:\/\/www.dementiavoices.org.uk\/deep-resources\/involving-people-with-dementia\/\">https:\/\/www.dementiavoices.org.uk\/deep-resources\/involving-people-with-dementia\/<\/a><\/p>\n<div class=\"mceTemp\"><\/div>\n","protected":false},"excerpt":{"rendered":"<p>I dette kapittelet: I dette kapittelet kan du studere Deep-veiledere som dreier om diverse r\u00e5d for utarbeiding av materiell for mennesker med demens. De inneholder gode r\u00e5d for ulike faser av utviklingsprosjekter som ogs\u00e5 kan dreie seg om e-l\u00e6ring for m\u00e5lgruppen. Deep-veilederne ble opprinnelig utarbeidet i Storbritannia for mange \u00e5r siden i The Dementia Engagement [&hellip;]<\/p>\n","protected":false},"author":1,"featured_media":0,"parent":0,"menu_order":0,"comment_status":"closed","ping_status":"closed","template":"","meta":{"footnotes":""},"_links":{"self":[{"href":"https:\/\/designveileder.no\/index.php?rest_route=\/wp\/v2\/pages\/347"}],"collection":[{"href":"https:\/\/designveileder.no\/index.php?rest_route=\/wp\/v2\/pages"}],"about":[{"href":"https:\/\/designveileder.no\/index.php?rest_route=\/wp\/v2\/types\/page"}],"author":[{"embeddable":true,"href":"https:\/\/designveileder.no\/index.php?rest_route=\/wp\/v2\/users\/1"}],"replies":[{"embeddable":true,"href":"https:\/\/designveileder.no\/index.php?rest_route=%2Fwp%2Fv2%2Fcomments&post=347"}],"version-history":[{"count":28,"href":"https:\/\/designveileder.no\/index.php?rest_route=\/wp\/v2\/pages\/347\/revisions"}],"predecessor-version":[{"id":892,"href":"https:\/\/designveileder.no\/index.php?rest_route=\/wp\/v2\/pages\/347\/revisions\/892"}],"wp:attachment":[{"href":"https:\/\/designveileder.no\/index.php?rest_route=%2Fwp%2Fv2%2Fmedia&parent=347"}],"curies":[{"name":"wp","href":"https:\/\/api.w.org\/{rel}","templated":true}]}}