{"id":339,"date":"2024-08-24T07:24:44","date_gmt":"2024-08-24T07:24:44","guid":{"rendered":"https:\/\/designveileder.no\/?page_id=339"},"modified":"2025-01-06T21:21:11","modified_gmt":"2025-01-06T21:21:11","slug":"nyttige-applikasjoner-og-tjenester","status":"publish","type":"page","link":"https:\/\/designveileder.no\/?page_id=339","title":{"rendered":"Nyttige applikasjoner og tjenester"},"content":{"rendered":"<p><strong><span style=\"color: #993366;\">I dette kapittelet <\/span><\/strong><span style=\"color: #000000;\">presenterer vi <\/span>applikasjoner og tjenester som kan v\u00e6re til hjelp i utviklingen av e-l\u00e6ringsl\u00f8sninger.<\/p>\n<h2>Bildebanker<\/h2>\n<p>Gode illustrasjoner i e-l\u00e6ringsl\u00f8sninger er en selvf\u00f8lge. B\u00e5de foto, tegninger og andre grafiske elementer gj\u00f8r innholdet mer forst\u00e5elig og interessant. N\u00e5r det gjelder brukere med kognitive utfordringer, vil velvalgte illustrasjoner underst\u00f8tte l\u00e6ring merkbart.<\/p>\n<p>Det er fullt mulig \u00e5 ta gode foto og \u00e5 tegne gode illustrasjoner selv. Hvis dette ikke er aktuelt, kan ulike bildebanker tilby l\u00f8sninger. Noen er basert p\u00e5 betaling pr. bilde eller som et abonnement, mens andre kan v\u00e6re (delvis) gratis. Sistnevnte er ofte innhold med s\u00e5kalte \u00e5pne Creative Commons-lisenser. CC-lisensene tillater bl.a. opphavspersoner \u00e5 dele sitt innhold med andre, og gir visse friheter til de andre for \u00e5 bruke og tilpasse innholdet) <a href=\"#_ftn1\" name=\"_ftnref1\">[1]<\/a>.<\/p>\n<p>Eksempler p\u00e5 gratis bildebanker er Pexels <a href=\"#_ftn2\" name=\"_ftnref2\">[2]<\/a>, Negative Space <a href=\"#_ftn3\" name=\"_ftnref3\">[3]<\/a> og StockSnap <a href=\"#_ftn4\" name=\"_ftnref4\">[4]<\/a> (under CC-lisens), Unsplash <a href=\"#_ftn5\" name=\"_ftnref5\">[5]<\/a>\u00a0og Pixabay <a href=\"#_ftn6\" name=\"_ftnref6\">[6]<\/a>.<\/p>\n<p>Kommersielle, betalingsbaserte bildebanker er for eksempel iStock <a href=\"#_ftn7\" name=\"_ftnref7\">[7]<\/a>, Shutterstock <a href=\"#_ftn8\" name=\"_ftnref8\">[8]<\/a>, Flaticon <a href=\"#_ftn9\" name=\"_ftnref9\">[9]<\/a> og Freepik <a href=\"#_ftn10\" name=\"_ftnref10\">[10]<\/a>. Alle disse har et stort utvalg av ulike bildeformater og -stiler, samt andre innholdselementer som ikoner, animasjoner, musikk, lysarkmaler, KI-genererte bilder osv.<\/p>\n<p>Ytterligere kilder til foto og annet innhold er museer og kolleksjoner, aviser og blader, pressebilder, skjermbilder samt tjenester som Flikr <a href=\"#_ftn11\" name=\"_ftnref11\">[11]<\/a>. Disse informerer vanligvis p\u00e5 tjenesten om vilk\u00e5r for bruken av sine bilder og andre illustrasjoner. N\u00e5r det gjelder bilder fra Flikr, m\u00e5 du kontakte fotografen for lov om \u00e5 bruke det aktuelle bildet.<\/p>\n<p>Uavhengig av hvor foto, bilder og illustrasjoner du bruker i e-l\u00e6ringsressursen, kommer fra, er det viktig \u00e5 kreditere opphavspersonen eller -virksomheten og kilden. Egne bilder og illustrasjoner kan du selvf\u00f8lgelig bruke fritt, men du kan gjerne legge til i bildeteksten hvem som st\u00e5r bak. \u2018KI-generert\u2019 brukes ofte n\u00e5r innhold er laget ved hjelp av kunstig intelligens.<\/p>\n<p>Et annet tips som gjelder uavhengig av kilden, er \u00e5 velge s\u00e6rlig fotografier som ikke er den med s\u00e6rdeles h\u00f8y oppl\u00f8sning. De er ofte veldig store filer som tar mye lagringsplass. Bildetjenester har ofte valgmuligheter for filformat og -st\u00f8rrelse.<\/p>\n<p>&nbsp;<\/p>\n<p><a href=\"#_ftnref1\" name=\"_ftn1\">[1]<\/a> <a href=\"https:\/\/www.creativecommons.no\/\" target=\"_blank\" rel=\"noopener\">https:\/\/www.creativecommons.no\/<\/a> og <a href=\"https:\/\/www.creativecommons.no\/ressurs\/introduksjon-til-creative-commons\" target=\"_blank\" rel=\"noopener\">https:\/\/www.creativecommons.no\/ressurs\/introduksjon-til-creative-commons<\/a><\/p>\n<p><a href=\"#_ftnref2\" name=\"_ftn2\">[2]<\/a> <a href=\"https:\/\/www.pexels.com\/\">https:\/\/www.pexels.com\/<\/a><\/p>\n<p><a href=\"#_ftnref3\" name=\"_ftn3\">[3]<\/a> <a href=\"https:\/\/negativespace.co\/\">https:\/\/negativespace.co\/<\/a><\/p>\n<p><a href=\"#_ftnref4\" name=\"_ftn4\">[4]<\/a> <a href=\"https:\/\/stocksnap.io\/\">https:\/\/stocksnap.io\/<\/a><\/p>\n<p><a href=\"#_ftnref5\" name=\"_ftn5\">[5]<\/a> <a href=\"https:\/\/unsplash.com\/\">https:\/\/unsplash.com\/<\/a><\/p>\n<p><a href=\"#_ftnref6\" name=\"_ftn6\">[6]<\/a> <a href=\"https:\/\/pixabay.com\/\">https:\/\/pixabay.com\/<\/a><\/p>\n<p><a href=\"#_ftnref7\" name=\"_ftn7\">[7]<\/a> <a href=\"https:\/\/www.istockphoto.com\/\">https:\/\/www.istockphoto.com\/<\/a><\/p>\n<p><a href=\"#_ftnref8\" name=\"_ftn8\">[8]<\/a> <a href=\"https:\/\/www.shutterstock.com\/\">https:\/\/www.shutterstock.com\/<\/a><\/p>\n<p><a href=\"#_ftnref9\" name=\"_ftn9\">[9]<\/a> <a href=\"https:\/\/www.flaticon.com\/\">https:\/\/www.flaticon.com\/<\/a><\/p>\n<p><a href=\"#_ftnref10\" name=\"_ftn10\">[10]<\/a> <a href=\"https:\/\/www.freepik.com\/\">https:\/\/www.freepik.com\/<\/a><\/p>\n<p><a href=\"#_ftnref11\" name=\"_ftn11\">[11]<\/a> <a href=\"https:\/\/www.flickr.com\/\">https:\/\/www.flickr.com\/<\/a><\/p>\n<h2>QR-koder<\/h2>\n<p>Med QR-koder kan du lage lenker til en hvilken som helst side p\u00e5 nettet. QR-koder best\u00e5r av kvadratiske m\u00f8nstre istedenfor parallelle striper som i vanlige strekkoder.<\/p>\n<p>De fleste smarttelefoner har en QR-kodeleser innebygget i kameraet. N\u00e5r du peker kameraet mot koden, vil du f\u00e5 opp en lenke til en nettadresse.<\/p>\n<p>Mange restauranter bruker QR-koder for presentasjon av menyen. Turorientering <a href=\"#_ftn1\" name=\"_ftnref1\">[1]<\/a>, Stolpejakten <a href=\"#_ftn2\" name=\"_ftnref2\">[2]<\/a> og andre stedbundne &#8220;ruter&#8221;, bruker QR-koder for informasjon om og registrering av poster som deltakeren finner. Og mage museer tilbyr informasjon om kunstverk v.h.a. QR-koder inne <a href=\"#_ftn3\" name=\"_ftnref3\">[3]<\/a> eller ute <a href=\"#_ftn4\" name=\"_ftnref4\">[4]<\/a>. Mange finner p\u00e5 egne m\u00e5ter \u00e5 bruke QR-koder p\u00e5.<\/p>\n<p>For e-l\u00e6ring kan en QR-kode f\u00f8re brukeren til en bestemt e-l\u00e6ringsressurs \u2013 eksempelvis for \u00e5 lage en enkel matrett <a href=\"#_ftn5\" name=\"_ftnref5\">[5]<\/a> eller en enkeltside som er s\u00e6rdeles aktuell for brukeren, f.eks. hvordan vaske hendene riktig <a href=\"#_ftn6\" name=\"_ftnref6\">[6]<\/a>. Da m\u00e5 QR-koden v\u00e6re \u00e5 finne der det er aktuelt \u00e5 lese QR-koden med mobilen eller nettbrettet. Det kan v\u00e6re p\u00e5 kj\u00f8kkenet eller p\u00e5 badet i de nevnte eksemplene. Det lar seg gj\u00f8re ved \u00e5 skrive ut QR-koden (se beskrivelsen under) og feste den til et \u00e5penbart sted for brukeren.<\/p>\n<p>Du kan selv lage unike QR-koder med mange gratisprogrammer. Ett eksempel er QRCode Monkey <a href=\"#_ftn7\" name=\"_ftnref7\">[7]<\/a>. (Det fins <em>mange<\/em> andre.) Der legger du inn nettadressen du \u00f8nsker at QR-koden f\u00f8rer til, og genererer s\u00e5 koden ved et tastetrykk. Koden kan du laste ned og bruke videre (f.eks. skrive ut p\u00e5 vanlig eller selvklebende ark, og feste den der den trengs).<\/p>\n<figure id=\"attachment_491\" aria-describedby=\"caption-attachment-491\" style=\"width: 550px\" class=\"wp-caption aligncenter\"><img loading=\"lazy\" decoding=\"async\" class=\"wp-image-491\" src=\"https:\/\/designveileder.no\/wp-content\/uploads\/2024\/09\/QR-Monkey-300x169.png\" alt=\"Brukergrensesnittet til QRMonkey med en QR-kode.\" width=\"550\" height=\"309\" srcset=\"https:\/\/designveileder.no\/wp-content\/uploads\/2024\/09\/QR-Monkey-300x169.png 300w, https:\/\/designveileder.no\/wp-content\/uploads\/2024\/09\/QR-Monkey-1024x576.png 1024w, https:\/\/designveileder.no\/wp-content\/uploads\/2024\/09\/QR-Monkey-768x432.png 768w, https:\/\/designveileder.no\/wp-content\/uploads\/2024\/09\/QR-Monkey.png 1280w\" sizes=\"(max-width: 550px) 100vw, 550px\" \/><figcaption id=\"caption-attachment-491\" class=\"wp-caption-text\">I dette eksemplet blir QR-koden generert med gratisversjonen av QRCode Monkey. Koden f\u00f8rer til hjemmesiden av e-l\u00e6ringsl\u00f8sningen www.domoteus.no. Koden lar seg teste (lese) p\u00e5 skjermen og laste ned som en png-fil for videre bruk.<\/figcaption><\/figure>\n<p>&nbsp;<\/p>\n<p><a href=\"#_ftnref1\" name=\"_ftn1\">[1]<\/a> <a href=\"https:\/\/www.turorientering.no\/\">https:\/\/www.turorientering.no\/<\/a><\/p>\n<p><a href=\"#_ftnref2\" name=\"_ftn2\">[2]<\/a> <a href=\"https:\/\/stolpejakten.no\/\">https:\/\/stolpejakten.no\/<\/a><\/p>\n<p><a href=\"#_ftnref3\" name=\"_ftn3\">[3]<\/a> <a href=\"https:\/\/www.nasjonalmuseet.no\/besok\/visningssteder\/nasjonalmuseet\/nasjonalmuseets-museumsguide\/\">https:\/\/www.nasjonalmuseet.no\/besok\/visningssteder\/nasjonalmuseet\/nasjonalmuseets-museumsguide\/<\/a><\/p>\n<p><a href=\"#_ftnref4\" name=\"_ftn4\">[4]<\/a> <a href=\"https:\/\/www.gbm.no\/ibsenmuseet\/no\/kart-qr-koder\/\">https:\/\/www.gbm.no\/ibsenmuseet\/no\/kart-qr-koder\/<\/a><\/p>\n<p><a href=\"#_ftnref5\" name=\"_ftn5\">[5]<\/a> <a href=\"https:\/\/domoteus.no\/kjokken-8\/\">https:\/\/domoteus.no\/kjokken-8\/<\/a><\/p>\n<p><a href=\"#_ftnref6\" name=\"_ftn6\">[6]<\/a> <a href=\"https:\/\/personlighygiene.no\/handvask2\/\">https:\/\/personlighygiene.no\/handvask2\/<\/a><\/p>\n<p><a href=\"#_ftnref7\" name=\"_ftn7\">[7]<\/a> <a href=\"https:\/\/www.qrcode-monkey.com\/\">https:\/\/www.qrcode-monkey.com\/<\/a><\/p>\n<h2>Dreieb\u00f8ker og tegneserier<\/h2>\n<p>Brukere med spr\u00e5k-, lese og skrivevansker kan ha nytte av alternativer til tekst, s\u00e6rlig i store mengder. De samme kan gjelde brukere med andre kognitive vansker, samt barn og unge. \u00c5 se en fortelling og dens hendelsesforl\u00f8p kan gi god st\u00f8tte til l\u00e6ring. Tegneserier kan v\u00e6re en <em>lettoppfattelig<\/em>, informativ og morsom m\u00e5te \u00e5 formidle budskapet for mange slike brukere.<\/p>\n<p>B\u00e5de videoer og en mer avansert e-l\u00e6ringsl\u00f8sning som apper og web-baserte applikasjoner, kan med fordel bli skissert og planlagt med enkle dreieb\u00f8ker. For \u00e5 planlegge gode hendelsesforl\u00f8p for en e-l\u00e6ringsvideo, kan programvare for dreieb\u00f8ker (storyboards). v\u00e6re til stor hjelp.<\/p>\n<p>Det fins mange alternativer for \u00e5 lage dreieb\u00f8ker Maler fins \u00e5 laste ned fra nettet (se ogs\u00e5 kapittelet om <a href=\"https:\/\/designveileder.no\/?page_id=282\">Gode videoer<\/a>). For \u00e5 lage maler selv, er PowerPoint eller et annet tegneprogram en mulighet.<\/p>\n<p>Hvis det er \u00f8nskelig \u00e5 lage dreieb\u00f8ker med ferdige grafiske elementer, kan for eksempel StoryboardThat <a href=\"#_ftn1\" name=\"_ftnref1\">[1]<\/a> v\u00e6re til hjelp. Selv gratisversjonen gir mange muligheter med ferdige omgivelser, situasjoner, gjenstander, lydeffekter og &#8220;skreddersybare&#8221; mennesker (kj\u00f8nn, hud- og h\u00e5rfarge, kl\u00e6r, kroppsstilling m.m.). Strip Designer <a href=\"#_ftn2\" name=\"_ftnref2\">[2]<\/a> for bruk p\u00e5 iPhone, iPad og Mac er et annet eksempel p\u00e5 programvare for produksjon av dreieb\u00f8ker og tegneserier.<\/p>\n<figure id=\"attachment_500\" aria-describedby=\"caption-attachment-500\" style=\"width: 550px\" class=\"wp-caption aligncenter\"><img loading=\"lazy\" decoding=\"async\" class=\"wp-image-500\" src=\"https:\/\/designveileder.no\/wp-content\/uploads\/2024\/09\/StroryboardThat-300x169.png\" alt=\"Brukergrensesnitt av StroboardThat. med deler av menneskegalleriet.\" width=\"550\" height=\"309\" srcset=\"https:\/\/designveileder.no\/wp-content\/uploads\/2024\/09\/StroryboardThat-300x169.png 300w, https:\/\/designveileder.no\/wp-content\/uploads\/2024\/09\/StroryboardThat-1024x576.png 1024w, https:\/\/designveileder.no\/wp-content\/uploads\/2024\/09\/StroryboardThat-768x432.png 768w, https:\/\/designveileder.no\/wp-content\/uploads\/2024\/09\/StroryboardThat.png 1280w\" sizes=\"(max-width: 550px) 100vw, 550px\" \/><figcaption id=\"caption-attachment-500\" class=\"wp-caption-text\">Eksempel p\u00e5 menneskegalleriet i StoryboardThat-programvaren.<\/figcaption><\/figure>\n<p>&nbsp;<\/p>\n<p><a href=\"#_ftnref1\" name=\"_ftn1\">[1]<\/a> <a href=\"https:\/\/www.storyboardthat.com\/\">https:\/\/www.storyboardthat.com\/<\/a><\/p>\n<p><a href=\"#_ftnref2\" name=\"_ftn2\">[2]<\/a> <a href=\"https:\/\/vividapps.com\/Strip_Designer\/\">https:\/\/vividapps.com\/Strip_Designer\/<\/a><\/p>\n<h2>Tr\u00e5dskisser<\/h2>\n<p>Tr\u00e5dskisser (wireframes) ligner p\u00e5 blyanttegninger. Der en skissemetode eller diagram (skjermplan) som beskriver strukturen, innholdselementene, navigasjonen og handlinger til et nettsted eller en app, skjermbilde for skjermbilde. Tr\u00e5dskisser brukes tidlig i utviklingen <em>uten<\/em> \u00e5 ta med i utformingen farger, reelle bilder og tekster, fonter og andre stilelementer.<\/p>\n<p>P\u00e5 den samme m\u00e5ten som dreieb\u00f8ker for handlingssekvenser for videoer, vil tr\u00e5dskisser gi et godt utgangspunkt f<span style=\"font-size: 1rem;\">or selve e-l\u00e6ringsl\u00f8sningen \u2013 v\u00e6re det en app eller en web-basert l\u00f8sning.<\/span><\/p>\n<p>Tr\u00e5dskisser lar seg tegne b\u00e5de for h\u00e5nd, med et tegneprogram eller med programvare. Programvare for tr\u00e5dskisser vil typisk inneholde ferdige elementer for det brukeren vanligvis ser i den digitale l\u00f8sningen (knapper for navigering og annet, videoer og, tekstelementer, lydfiler, bilder, skjemaer og hjelpe-elementer). Disse er dog plassholdere heller enn reelle tekster, bilder og slikt.<\/p>\n<figure id=\"attachment_513\" aria-describedby=\"caption-attachment-513\" style=\"width: 450px\" class=\"wp-caption aligncenter\"><img loading=\"lazy\" decoding=\"async\" class=\"wp-image-513\" src=\"https:\/\/designveileder.no\/wp-content\/uploads\/2024\/09\/93673-300x300.jpg\" alt=\"H\u00e5ndtegnede tr\u00e5dskisser.\" width=\"450\" height=\"450\" srcset=\"https:\/\/designveileder.no\/wp-content\/uploads\/2024\/09\/93673-300x300.jpg 300w, https:\/\/designveileder.no\/wp-content\/uploads\/2024\/09\/93673-1024x1024.jpg 1024w, https:\/\/designveileder.no\/wp-content\/uploads\/2024\/09\/93673-150x150.jpg 150w, https:\/\/designveileder.no\/wp-content\/uploads\/2024\/09\/93673-768x767.jpg 768w, https:\/\/designveileder.no\/wp-content\/uploads\/2024\/09\/93673.jpg 1500w\" sizes=\"(max-width: 450px) 100vw, 450px\" \/><figcaption id=\"caption-attachment-513\" class=\"wp-caption-text\">H\u00e5ndtegnede tr\u00e5dskisser for smarttelefonen.<\/figcaption><\/figure>\n<p>&nbsp;<\/p>\n<p>Eksempler p\u00e5 programvare for tr\u00e5dskisser (wireframes) er:<\/p>\n<ul>\n<li>Figma <a href=\"#_ftn1\" name=\"_ftnref1\">[1]<\/a><\/li>\n<li>Miro <a href=\"#_ftn2\" name=\"_ftnref2\">[2]<\/a><\/li>\n<li>Sketch <a href=\"#_ftn3\" name=\"_ftnref3\">[3]<\/a> (for Mac)<\/li>\n<\/ul>\n<p>Det fins ogs\u00e5 mange andre.<\/p>\n<p>&nbsp;<\/p>\n<p><a href=\"#_ftnref1\" name=\"_ftn1\">[1]<\/a> <a href=\"https:\/\/www.figma.com\/templates\/wireframe-kits\/\">https:\/\/www.figma.com\/templates\/wireframe-kits\/<\/a><\/p>\n<p><a href=\"#_ftnref2\" name=\"_ftn2\">[2]<\/a> <a href=\"https:\/\/miro.com\/wireframe\/\">https:\/\/miro.com\/wireframe\/<\/a><\/p>\n<p><a href=\"#_ftnref3\" name=\"_ftn3\">[3]<\/a> https:\/\/www.sketch.com\/<\/p>\n<h2>Webutvikling<\/h2>\n<p>Denne veilederen dekker ikke app- eller web-utvikling som s\u00e5dan. For dette form\u00e5let anbefaler vi \u00e5 unders\u00f8ke programvare og apper som kan benyttes og \u00e5 gj\u00f8re selvstudier om hvordan de skal brukes. Vesentlige tekniske trinn i denne prosessen &#8212; hvis det dreier seg om \u00e5 utvikle et nettsted &#8212; er likevel:<\/p>\n<ol>\n<li>Skaff en <strong>web-domene<\/strong> (web-adresse, URL) hvis du skal utvikle et nettsted. Ett eksempel for \u00e5 lete etter ledige domener og \u00e5 kj\u00f8pe en domene, er Domeneshop<a href=\"#_ftn1\" name=\"_ftnref1\">[1]<\/a>. Kj\u00f8psprosessen f\u00f8lger en rekke bestemte trinn, herunder valg av betalingsm\u00e5ter og \u00e5 avgi en obligatorisk egenerkl\u00e6ring.<\/li>\n<li>Velg <strong>web-hotell<\/strong> (der weben skal &#8220;bo&#8221; og driftes). Akt\u00f8rer som selger domener, tilbyr ofte web-hotelltjenester.<\/li>\n<li>Sett opp et system for <strong>innholdsh\u00e5ndtering<\/strong>, dvs. programvare for \u00e5 utvikle weben (et CMS-system, Content Management System). Domenenavnet skal mao. knyttes til programvare som gj\u00f8r at weben f\u00e5r innhold og funksjonalitet. Eksempler er WordPress <a href=\"#_ftn2\" name=\"_ftnref2\">[2]<\/a>, Squarespace <a href=\"#_ftn3\" name=\"_ftnref3\">[3]<\/a> og Wix <a href=\"#_ftn4\" name=\"_ftnref4\">[4]<\/a>. WordPress er et stort utviklingsmilj\u00f8, mens de sistnevnte er nok enklere \u00e5 bruke med et visuelt brukergrensesnitt. Akt\u00f8rer som selger domener, tilbyr ofte oppsett av et slikt system. Det fins ogs\u00e5 sv\u00e6rt mange andre akt\u00f8rer som tilbyr oppsett-tjenester.<\/li>\n<li>Velg <strong>responsive<\/strong> web-maler (templates) for \u00e5 sikre at nettstedet tilpasser seg til utstyret og vises elegant p\u00e5 alle skjermst\u00f8rrelser.<\/li>\n<\/ol>\n<p>N\u00e5r utviklingen endelig skal gj\u00f8res, vil viktige prinsipper v\u00e6re:<\/p>\n<ol>\n<li>Ta med brukeren fra begynnelsen av og gjennom hele prosessen. Kartlegg brukerens l\u00e6ringsbehov og foretrukne metoder for presentasjon av stoffet.<\/li>\n<li>Bruk veiledere for tilgjengelighet og universell utforming.<\/li>\n<li>Test l\u00f8sningen underveis og helt til slutt. Lytt til brukeren og gj\u00f8r \u00f8nskede endringer.<\/li>\n<\/ol>\n<p>&nbsp;<\/p>\n<p><a href=\"#_ftnref1\" name=\"_ftn1\">[1]<\/a> <a href=\"https:\/\/domene.shop\/\">https:\/\/domene.shop\/<\/a><\/p>\n<p><a href=\"#_ftnref2\" name=\"_ftn2\">[2]<\/a> <a href=\"https:\/\/wordpress.com\/\">https:\/\/wordpress.com\/<\/a><\/p>\n<p><a href=\"#_ftnref3\" name=\"_ftn3\">[3]<\/a> <a href=\"https:\/\/www.squarespace.com\/\">https:\/\/www.squarespace.com\/<\/a><\/p>\n<p><a href=\"#_ftnref4\" name=\"_ftn4\">[4]<\/a> <a href=\"https:\/\/www.wix.com\/\">https:\/\/www.wix.com\/<\/a><\/p>\n<h2>Skjermopptak<\/h2>\n<p>Et skjermopptak (screen cast, screen capture, screen recording) er et digitalt video-opptak av det som skjer p\u00e5 skjermen til en PC\/Mac eller en smartenhet. Opptaket er ofte supplert med tale.<\/p>\n<p>Skjermopptak er en god l\u00f8sning for \u00e5 besvare gjentatte brukersp\u00f8rsm\u00e5l, og \u00e5 gi instruksjon og oppl\u00e6ring. I en e-l\u00e6ringssammenheng egner skjermopptak seg for \u00e5:<\/p>\n<ul>\n<li>demonstrere en prosess, for eksempel trinnvise veiledninger<\/li>\n<li>fremheve n\u00f8kkelfunksjonaliteten i et program eller i en app<\/li>\n<li>h\u00f8ste tilbakemeldinger fra brukere fra testing av et program eller en app<\/li>\n<\/ul>\n<p>En fordel med skjermopptak er \u2013 som med e-l\u00e6ring generelt \u2013 at brukere kan se opptaket p\u00e5 et passende tidspunkt og sted. De kan ogs\u00e5 ford\u00f8ye informasjonen i sitt eget tempo ved \u00e5 sette opptaket p\u00e5 pause, og \u00e5 se p\u00e5 ulike sekvenser p\u00e5 nytt.<\/p>\n<p>Skjermopptak er en rasjonell m\u00e5te \u00e5 svare p\u00e5 vanlige eller gjentatte brukersp\u00f8rsm\u00e5l, for eksempel om \u00e5 bruke sosiale medier for f\u00f8rste gang p\u00e5 en trygg og sikker m\u00e5te. Sluttbrukere kan lure p\u00e5:<\/p>\n<ul>\n<li>&#8220;Hvordan kan jeg slette informasjon jeg har lagt ut? N\u00e5 angrer jeg.&#8221;<\/li>\n<li>&#8220;Hvordan kan jeg bli kvitt forstyrrende reklame? Jeg \u00f8nsker ikke \u00e5 se alskens fristelser.&#8221;<\/li>\n<li>&#8220;Hvordan kan jeg gj\u00f8re profilen min privat? Jeg vil at bare familie og n\u00e6re venner ser mine innlegg.&#8221;<\/li>\n<\/ul>\n<p>For \u00e5 gi trinnvise instruksjoner eller for mer grundig e-l\u00e6ring, er det ofte raskt og enkelt \u00e5 lage et skjermopptak, spesielt hvis du har brukervennlig programvare for skjermopptak og videoredigering. Moderne smarttelefoner har vanligvis en standardfunksjon for opptak av skjermen. P\u00e5 nettet fins mange veiledninger for skjermopptak p\u00e5 ulike datamaskiner (PC\/Mac). Mye er sv\u00e6rt enkelt \u00e5 f\u00e5 til.<\/p>\n<figure id=\"attachment_632\" aria-describedby=\"caption-attachment-632\" style=\"width: 450px\" class=\"wp-caption aligncenter\"><img loading=\"lazy\" decoding=\"async\" class=\"wp-image-632\" src=\"https:\/\/designveileder.no\/wp-content\/uploads\/2024\/12\/Skermopptak-300x169.png\" alt=\"Skjermbilde av smarttelefon med innstillinger, bla. knapp for \u00e5 starte opp sjkermopptak. Skjermbilde av PowerPoint-redigering med skjermopptak-kontroll.\" width=\"450\" height=\"253\" srcset=\"https:\/\/designveileder.no\/wp-content\/uploads\/2024\/12\/Skermopptak-300x169.png 300w, https:\/\/designveileder.no\/wp-content\/uploads\/2024\/12\/Skermopptak-1024x576.png 1024w, https:\/\/designveileder.no\/wp-content\/uploads\/2024\/12\/Skermopptak-768x432.png 768w, https:\/\/designveileder.no\/wp-content\/uploads\/2024\/12\/Skermopptak.png 1280w\" sizes=\"(max-width: 450px) 100vw, 450px\" \/><figcaption id=\"caption-attachment-632\" class=\"wp-caption-text\">Til venstre: Eksempel p\u00e5 en smarttelefon med oppstart av skjermopptak direkte under innstillinger. Til h\u00f8yre vises PowerPoint-redigering p\u00e5 en PC med skjermopptak i gang. Opptaket ble startet (og kan avsluttes) med tastene Windows + Alt + R.<\/figcaption><\/figure>\n<p>&nbsp;<\/p>\n<p>For Mac og iPhone\/iPad fins veiledninger p\u00e5 <a href=\"#_edn1\" name=\"_ednref1\">[1]<\/a>.<\/p>\n<p>For \u00e5 lage et best mulig skjermopptak, kan f\u00f8lgende enkle trinn v\u00e6re til hjelp:<\/p>\n<ol>\n<li>Skriv et <strong>manus<\/strong> til skjermopptaket og skriv det ut. Ta med alt du vil vise og si. Hvis du er trygg p\u00e5 at du kan gj\u00f8re opptaket uten et detaljert manus, kan du f\u00f8lge en <strong>disposisjon<\/strong> eller en <strong>stikkordsliste<\/strong>. Planlegg for enkelt og ryddig innhold, og logisk rekkef\u00f8lge. Unng\u00e5 for all del \u00e5 legge inn alt for mye informasjon i \u00e9n enkeltvideo (eller for finurlige detaljer).<\/li>\n<li>Ta opp skjermen mens du f\u00f8lger manuset. Hold opptakets tempo nede og snakk rolig.<\/li>\n<li>Rediger evt. ut feil og un\u00f8dvendig skjermtid. Nyere datamaskiner og smarttelefoner\/nettbrett har programvare for enkel redigering av videoer. Alternativt kan du laste ned noe som tilfredsstiller dine krav.<\/li>\n<li>Legg til tale (voice-over) hvis du ikke har hatt mikrofonen p\u00e5 mens du gjorde opptaket.<\/li>\n<\/ol>\n<p>Til slutt m\u00e5 opptaket gj\u00f8res tilgjengelig for bruk. Det kan v\u00e6re alt fra video p\u00e5 smarte enheter eller som del av en st\u00f8rre e-l\u00e6ringsl\u00f8sning.<\/p>\n<p>For enkelte brukere om spesifikke temaer kan opptaket gj\u00f8res t.o.m. direkte p\u00e5 vedkommendes egen mobiltelefon. Alternativt m\u00e5 slike opptak overf\u00f8res til brukerens mobil. Det kan skje v.h.a. e-post (for mindre filer), filoverf\u00f8ringsprogrammer eller Bluetooth.<\/p>\n<p>For spredning til flere brukere og for innbygging i e-l\u00e6ringsl\u00f8sninger vil overf\u00f8ring til videoplattformer, som Vimeo og YouTube, v\u00e6re en &#8220;mellomstasjon&#8221;. Opptakene kan plasseres der for framvisning, men for \u00e5 bruke dem i en pedagogisk e-l\u00e6ring, kan innbygging i en l\u00e6ringsplattform v\u00e6re n\u00f8dvendig.<\/p>\n<p>&nbsp;<\/p>\n<p><a href=\"#_ednref1\" name=\"_edn1\">[1]<\/a> <a href=\"https:\/\/support.apple.com\/no-no\/102618\">https:\/\/support.apple.com\/no-no\/102618<\/a> og <a href=\"https:\/\/support.apple.com\/no-no\/102653\">https:\/\/support.apple.com\/no-no\/102653<\/a><\/p>\n","protected":false},"excerpt":{"rendered":"<p>I dette kapittelet presenterer vi applikasjoner og tjenester som kan v\u00e6re til hjelp i utviklingen av e-l\u00e6ringsl\u00f8sninger. Bildebanker Gode illustrasjoner i e-l\u00e6ringsl\u00f8sninger er en selvf\u00f8lge. B\u00e5de foto, tegninger og andre grafiske elementer gj\u00f8r innholdet mer forst\u00e5elig og interessant. N\u00e5r det gjelder brukere med kognitive utfordringer, vil velvalgte illustrasjoner underst\u00f8tte l\u00e6ring merkbart. Det er fullt mulig [&hellip;]<\/p>\n","protected":false},"author":1,"featured_media":0,"parent":0,"menu_order":0,"comment_status":"closed","ping_status":"closed","template":"","meta":{"footnotes":""},"_links":{"self":[{"href":"https:\/\/designveileder.no\/index.php?rest_route=\/wp\/v2\/pages\/339"}],"collection":[{"href":"https:\/\/designveileder.no\/index.php?rest_route=\/wp\/v2\/pages"}],"about":[{"href":"https:\/\/designveileder.no\/index.php?rest_route=\/wp\/v2\/types\/page"}],"author":[{"embeddable":true,"href":"https:\/\/designveileder.no\/index.php?rest_route=\/wp\/v2\/users\/1"}],"replies":[{"embeddable":true,"href":"https:\/\/designveileder.no\/index.php?rest_route=%2Fwp%2Fv2%2Fcomments&post=339"}],"version-history":[{"count":82,"href":"https:\/\/designveileder.no\/index.php?rest_route=\/wp\/v2\/pages\/339\/revisions"}],"predecessor-version":[{"id":891,"href":"https:\/\/designveileder.no\/index.php?rest_route=\/wp\/v2\/pages\/339\/revisions\/891"}],"wp:attachment":[{"href":"https:\/\/designveileder.no\/index.php?rest_route=%2Fwp%2Fv2%2Fmedia&parent=339"}],"curies":[{"name":"wp","href":"https:\/\/api.w.org\/{rel}","templated":true}]}}