{"id":248,"date":"2024-07-29T11:35:21","date_gmt":"2024-07-29T11:35:21","guid":{"rendered":"https:\/\/designveileder.no\/?page_id=248"},"modified":"2025-01-06T20:36:58","modified_gmt":"2025-01-06T20:36:58","slug":"kartleggingsverktoy","status":"publish","type":"page","link":"https:\/\/designveileder.no\/?page_id=248","title":{"rendered":"Behovskartlegging"},"content":{"rendered":"<p><span style=\"color: #993366;\"><strong>I dette kapittelet: <\/strong><\/span>Oversikt over kartleggingsverkt\u00f8y som kan avdekke behov for og muligheter til e-l\u00e6ring.<\/p>\n<p>Ved planlegging av ambisjoner og innholdet av en framtidig e-l\u00e6ring, kan kartleggingsverkt\u00f8y (skjemaer) v\u00e6re til hjelp b\u00e5de i familier og i profesjonelle sammenhenger som tjenesteyting, arbeidsplasser, dagsentre, skoler, folkeh\u00f8yskoler m.m. Det fins mange ulike verkt\u00f8y for en rekke forskjellige kartleggingsbehov. Noen skjemaer er tillatt brukt klinisk eller ved forskning, og er ikke tillatt i <em>kommersiell<\/em> bruk. Kartleggingsverkt\u00f8y som er fritt tilgjengelige p\u00e5 diverse nettsider kan likevel gi praktisk veiledning for hva som er fornuftig \u00e5 se etter av problemstillinger og utfordringer hos brukere, og for \u00e5 avklare behov for og muligheter til \u00e5 benytte e-l\u00e6ring i ulike varianter. Under viser vi til en rekke verkt\u00f8y og hva disse dekker.<\/p>\n<p><strong>Kartleggingsverkt\u00f8y: <\/strong>IADL (instrumentelle aktiviteter i dagliglivet) og PADL (personn\u00e6re aktiviteter i dagliglivet)<\/p>\n<p><strong>Fins her:<\/strong> <a href=\"https:\/\/www.aldringoghelse.no\/wp-content\/uploads\/2020\/09\/adl-vurdering-sporreskjema-2019-int00006-web-2.pdf\">https:\/\/www.aldringoghelse.no\/wp-content\/uploads\/2020\/09\/adl-vurdering-sporreskjema-2019-int00006-web-2.pdf<\/a><\/p>\n<p style=\"padding-left: 40px;\"><strong>Dette dekkes:<\/strong><br \/>\nIADL: Bruk av telefon \u2013 Innkj\u00f8p \u2013 Matlaging \u2013 Husarbeid \u2013 Vasking av kl\u00e6r \u2013 Transport \u2013 Ansvar for egne medisiner \u2013 H\u00e5ndtere egen \u00f8konomi<\/p>\n<p style=\"padding-left: 40px;\">PADL: Toalett \u2013 Spising \u2013 P\u00e5kledning \u2013 Egenpleie \u2013 Fysisk bevegelse \u2013 Kroppsvask<\/p>\n<p><strong>Kartleggingsverkt\u00f8y:<\/strong> En samling av kartleggingsverkt\u00f8y som dekker et stort antall temaer og emner innen omr\u00e5der som gjelder mennesker med utviklingshemning<\/p>\n<p style=\"padding-left: 40px;\"><strong>Fins her:<\/strong> <a href=\"https:\/\/stiftelsensor.no\/kompetanse\/kartleggingsbank\">https:\/\/stiftelsensor.no\/kompetanse\/kartleggingsbank<\/a><\/p>\n<p style=\"padding-left: 40px;\"><strong>Dette dekkes:<\/strong> Somatisk helse \u2013 Psykisk helse \u2013 Arbeid \u2013 Nettverk, aktiviteter og ferdigheter \u2013 Kommunikasjon og atferd \u2013 Milj\u00f8messig og organisatoriske forhold \u2013 Aldring og demens<\/p>\n<p><strong>Kartleggingsverkt\u00f8y:<\/strong> IPLOS-funksjonsvariabler<\/p>\n<p style=\"padding-left: 40px;\"><strong>Fins her:<\/strong> <a href=\"http:\/\/www.helsebiblioteket.no\/innhold\/nasjonale-veiledere\/iplos\">www.helsebiblioteket.no\/innhold\/nasjonale-veiledere\/iplos<\/a><\/p>\n<p style=\"padding-left: 40px;\"><strong>Dette dekkes:<\/strong> Alminnelig husarbeid \u2013 Skaffe seg varer og tjenester \u2013 Personlig hygiene \u2013 Toalett \u2013 Lage mat \u2013 Spise \u2013 Bevege seg utend\u00f8rs \u2013 Ivareta egen helse \u2013 Kommunikasjon \u2013 Ivareta egen \u00f8konomi \u2013 Sosial deltakelse \u2013 Opplevelse av trygghet<\/p>\n<p><strong>Kartleggingsverkt\u00f8y:<\/strong> Kroppkunn-verkt\u00f8y og Sexkunn-verkt\u00f8y som gjelder mennesker med utviklingshemning<\/p>\n<p style=\"padding-left: 40px;\"><strong>Fins her:<\/strong> <a href=\"https:\/\/ekkografisk.no\/bestilling\/kroppkunn-sexkunn\/\">ekkografisk.no\/bestilling\/<\/a><a href=\"https:\/\/ekkografisk.no\/bestilling\/kroppkunn-sexkunn\/\">kroppkunn-sexkunn<\/a><a href=\"https:\/\/ekkografisk.no\/bestilling\/kroppkunn-sexkunn\/\">\/<\/a><\/p>\n<p style=\"padding-left: 40px;\"><strong>Dette dekkes:<\/strong> Kj\u00f8nn og kropp \u2013 Pubertet \u2013 Hygiene \u2013 F\u00f8lelser og forhold \u2013 \u00c5 ha sex \u2013 Grenser og misbruk \u2013 Prevensjon og seksualoppl\u00e6ring<\/p>\n<figure id=\"attachment_256\" aria-describedby=\"caption-attachment-256\" style=\"width: 600px\" class=\"wp-caption aligncenter\"><img loading=\"lazy\" decoding=\"async\" class=\"wp-image-256\" src=\"https:\/\/designveileder.no\/wp-content\/uploads\/2024\/07\/IADL-213x300.png\" alt=\"IADL-skjema i sin helhet.\" width=\"600\" height=\"846\" srcset=\"https:\/\/designveileder.no\/wp-content\/uploads\/2024\/07\/IADL-213x300.png 213w, https:\/\/designveileder.no\/wp-content\/uploads\/2024\/07\/IADL-727x1024.png 727w, https:\/\/designveileder.no\/wp-content\/uploads\/2024\/07\/IADL-768x1082.png 768w, https:\/\/designveileder.no\/wp-content\/uploads\/2024\/07\/IADL.png 972w\" sizes=\"(max-width: 600px) 100vw, 600px\" \/><figcaption id=\"caption-attachment-256\" class=\"wp-caption-text\">IADL-skjema fra Nasjonalt senter for aldring og helse.<\/figcaption><\/figure>\n<figure id=\"attachment_259\" aria-describedby=\"caption-attachment-259\" style=\"width: 600px\" class=\"wp-caption aligncenter\"><img loading=\"lazy\" decoding=\"async\" class=\"wp-image-259\" src=\"https:\/\/designveileder.no\/wp-content\/uploads\/2024\/07\/PADL-215x300.png\" alt=\"PADL-skjema i sin helhet.\" width=\"600\" height=\"839\" srcset=\"https:\/\/designveileder.no\/wp-content\/uploads\/2024\/07\/PADL-215x300.png 215w, https:\/\/designveileder.no\/wp-content\/uploads\/2024\/07\/PADL-733x1024.png 733w, https:\/\/designveileder.no\/wp-content\/uploads\/2024\/07\/PADL-768x1073.png 768w, https:\/\/designveileder.no\/wp-content\/uploads\/2024\/07\/PADL.png 966w\" sizes=\"(max-width: 600px) 100vw, 600px\" \/><figcaption id=\"caption-attachment-259\" class=\"wp-caption-text\">PADL-skjema fra Nasjonalt senter for aldring og helse.<\/figcaption><\/figure>\n","protected":false},"excerpt":{"rendered":"<p>I dette kapittelet: Oversikt over kartleggingsverkt\u00f8y som kan avdekke behov for og muligheter til e-l\u00e6ring. Ved planlegging av ambisjoner og innholdet av en framtidig e-l\u00e6ring, kan kartleggingsverkt\u00f8y (skjemaer) v\u00e6re til hjelp b\u00e5de i familier og i profesjonelle sammenhenger som tjenesteyting, arbeidsplasser, dagsentre, skoler, folkeh\u00f8yskoler m.m. Det fins mange ulike verkt\u00f8y for en rekke forskjellige kartleggingsbehov. [&hellip;]<\/p>\n","protected":false},"author":1,"featured_media":0,"parent":0,"menu_order":0,"comment_status":"closed","ping_status":"closed","template":"","meta":{"footnotes":""},"_links":{"self":[{"href":"https:\/\/designveileder.no\/index.php?rest_route=\/wp\/v2\/pages\/248"}],"collection":[{"href":"https:\/\/designveileder.no\/index.php?rest_route=\/wp\/v2\/pages"}],"about":[{"href":"https:\/\/designveileder.no\/index.php?rest_route=\/wp\/v2\/types\/page"}],"author":[{"embeddable":true,"href":"https:\/\/designveileder.no\/index.php?rest_route=\/wp\/v2\/users\/1"}],"replies":[{"embeddable":true,"href":"https:\/\/designveileder.no\/index.php?rest_route=%2Fwp%2Fv2%2Fcomments&post=248"}],"version-history":[{"count":15,"href":"https:\/\/designveileder.no\/index.php?rest_route=\/wp\/v2\/pages\/248\/revisions"}],"predecessor-version":[{"id":867,"href":"https:\/\/designveileder.no\/index.php?rest_route=\/wp\/v2\/pages\/248\/revisions\/867"}],"wp:attachment":[{"href":"https:\/\/designveileder.no\/index.php?rest_route=%2Fwp%2Fv2%2Fmedia&parent=248"}],"curies":[{"name":"wp","href":"https:\/\/api.w.org\/{rel}","templated":true}]}}