{"id":167,"date":"2024-06-13T16:08:12","date_gmt":"2024-06-13T16:08:12","guid":{"rendered":"https:\/\/designveileder.no\/?page_id=167"},"modified":"2025-01-06T21:06:10","modified_gmt":"2025-01-06T21:06:10","slug":"teknisk-utstyr","status":"publish","type":"page","link":"https:\/\/designveileder.no\/?page_id=167","title":{"rendered":"Teknisk utstyr"},"content":{"rendered":"<p><strong><span style=\"color: #993366;\">I dette kapittelet:<\/span><\/strong> Her gir vi en oversikt over nyttig utstyr for \u00e5 lage film\/videoer for e-l\u00e6ring.<\/p>\n<h2>Kamera<\/h2>\n<p>For \u00e5 lage e-l\u00e6ring <em>med<\/em> videoer (eller <em>som<\/em> video), har du to <em>hovedalternativer<\/em>: digitalt kamera (herunder video-\/filmkamera) eller mobiltelefonens innebygde kamera (heretter \u2018mobil\u00adkamera\u2019). Det fins ogs\u00e5 kameraer som kan festes p\u00e5 hodet eller brukes under vann, m.m. Vi avgrenser oss til \u00e5 omtale her kun bruken av vanlige mobiltelefoners kamera.<\/p>\n<p>Nye mobiltelefoner har ofte meget gode kameraer som kan ta opp kvalitetsfilm med avanserte innstillinger. Kameraene er lyssensitive og har alternativer for fokus (hvor bildet skal v\u00e6re skarpt og mindre skarpt). De kan ha valg for mange alternative typer opptak og farge\u00adsetting. Du kan ta opp lyd eller velge ikke \u00e5 gj\u00f8re det. I tillegg kan du velge mange automatiske funksjoner, som f.eks. blits, eller stille det meste inn manuelt. I tillegg har de stor minne\u00adkapa\u00adsitet for \u00e5 lagre filmopptak.<\/p>\n<p>Hvis du har en nyere mobiltelefon, test kameraets filmfunksjon (med ren linse!) for \u00e5 vurdere hvorvidt opptakene har god nok kvalitet for ditt form\u00e5l. Test <em>grundig<\/em>, med ulike innstillinger, motiver, belysning osv. Hvis videoen skal brukes kun p\u00e5 en minst like god mobiltelefon som du har, kan du vurdere resultatet umiddelbart. Derimot, hvis videoen(e) skal brukes p\u00e5 nettbrett eller PC\/Mac (p\u00e5 st\u00f8rre eller stor skjerm), m\u00e5 du overf\u00f8re testvideoen(e) til slike enheter f\u00f8rst og vurdere kvaliteten der. Kanskje er kvaliteten god nok. Eller kanskje bildet er kornete og uklart, og du m\u00e5 bruke bedre utstyr for bilder og videoopptak.<\/p>\n<p>N\u00e5r anskaffelse av en bedre mobiltelefon er aktuelt, har du mange valg. De mest kjente merkene har modeller med sv\u00e6rt gode kameraer, gjerne med flere linser av ypperste kvalitet. Du kan finne mange testresultater p\u00e5 nettet (type &#8220;best i test&#8221;), for eksempel p\u00e5 nettstedet Tek.no <a href=\"#_ftn1\" name=\"_ftnref1\">[1]<\/a>. P\u00e5se at testspaltene du leser er av nyere dato. Forhandlere av forbrukerelektronikk kan ha personell med spesialkompetanse om nettopp mobiltelefoners egenskaper og kvalitet blant ulike merker og modeller.<\/p>\n<p>N\u00e5r du har de \u00f8nskede opptakene p\u00e5 mobilen, vurder overf\u00f8ring til et praktisk lagringsmedium, for eksempel PC\/Mac, en skytjeneste eller en ekstern disk. Video-opptak krever mye plass. \u00c5 frigj\u00f8re plass fra mobilen kan v\u00e6re aktuelt. Hvis du synkroniserer mobilens bilder og videoer med en skytjeneste, er opptakene trygge og de beh\u00f8ver ikke \u00e5 ta plass p\u00e5 mobilen lokalt.<\/p>\n<p>Hvis mulig, kan bruken av to kameraer (typisk to mobiltelefoner) gi muligheter for variasjon i den endelige videoen. Slik blir det mulig \u00e5 redigere videoen sammen av to opptak, for eksempel den ene fra avstand for helhetsinntrykk, og den andre med n\u00e6rbilder og detaljer.<\/p>\n<p><a href=\"#_ftnref1\" name=\"_ftn1\">[1]<\/a> https:\/\/www.tek.no\/<\/p>\n<h2>St\u00f8dig kameraf\u00f8ring<\/h2>\n<p>Den gode kvaliteten p\u00e5 film og bilder er ikke utelukkende avhengig av kamerautstyret. Det er avgj\u00f8rende \u00e5 holde kameraet st\u00f8dig og stabilt. For dette \u2013 b\u00e5de for mobiltelefoner og kameraer \u2013 fins stativer, s\u00e5kalte <strong>tripoder<\/strong>.<\/p>\n<p>De kan v\u00e6re h\u00f8ye stativer med tre justerbare ben, tilsvarende lave modeller for bruk p\u00e5 bord eller annet underlag, eller sm\u00e5 tripoder med fleksible ben (s\u00e5kalte \u201cgorilla grips\u201d) som kan st\u00e5 vanlig eller festes rundt diverse gjenstander (f.eks. gren, stolpe, bordben eller d\u00f8rh\u00e5ndtak). Noen har h\u00e5ndtak for bedre styring av retning. Enkelte modeller har en integrert mikrofon og lyskilde.<\/p>\n<p>Hvis en tripod ikke er tilgjengelig, er den nest beste l\u00f8sningen \u00e5 lene hendene som holder opptaksutstyr, mot en d\u00f8rkarm, stollene eller bord. Det kan ogs\u00e5 v\u00e6re mulig \u00e5 bygge en provisorisk st\u00f8tteanordning for kameraet. Sjekk da en ekstra gang at kameraet holder seg i riktig vinkel, dvs. at opptaket ikke blir skjevt eller tar opp bildet eller videoen utenfor fokusomr\u00e5det.<\/p>\n<figure id=\"attachment_227\" aria-describedby=\"caption-attachment-227\" style=\"width: 600px\" class=\"wp-caption aligncenter\"><img loading=\"lazy\" decoding=\"async\" class=\"wp-image-227\" src=\"https:\/\/designveileder.no\/wp-content\/uploads\/2024\/07\/Tripoder-300x169.png\" alt=\"Fire forskjellige tripoder.\" width=\"600\" height=\"338\" srcset=\"https:\/\/designveileder.no\/wp-content\/uploads\/2024\/07\/Tripoder-300x169.png 300w, https:\/\/designveileder.no\/wp-content\/uploads\/2024\/07\/Tripoder-1024x576.png 1024w, https:\/\/designveileder.no\/wp-content\/uploads\/2024\/07\/Tripoder-768x432.png 768w, https:\/\/designveileder.no\/wp-content\/uploads\/2024\/07\/Tripoder.png 1280w\" sizes=\"(max-width: 600px) 100vw, 600px\" \/><figcaption id=\"caption-attachment-227\" class=\"wp-caption-text\">Eksempler p\u00e5 tripoder som kan holde mobiltelefoner eller nettbrett. Tripoden til h\u00f8yre har i tillegg h\u00e5ndtak, mikrofon og LED-lys.<\/figcaption><\/figure>\n<h2>Lys<\/h2>\n<p>Nok lys og ellers riktig belysning er viktige forutsetninger for\u00a0gode e-l\u00e6ringsvideoer. Mange moderne mobilkameraer har h\u00f8y lyssensitivitet. Ofte kan lyssensitiviteten styres ved \u00e5 ber\u00f8re skjermens fokusomr\u00e5de ved fotografering eller video-opptak. Rikelig med dagslys kan ogs\u00e5 hjelpe til. Trekk til side eller fjern gardiner som hindrer maksimalt med dagslys \u00e5 slippe inn. Pass ogs\u00e5 p\u00e5 <em>ikke \u00e5 filme eller ta bilder i motlys<\/em>, f.eks. med vindusflater i bakgrunnen. Hvis det er uunng\u00e5elig, vil blits for foto og ekstra lys for video-opptak v\u00e6re n\u00f8dvendig. Anbefalingen er \u00e5 gj\u00f8re <em>testopptak i reelle omgivelser<\/em> for \u00e5 vurdere om det er behov for ekstra lys.<\/p>\n<p>For ekstra lys vil lyskilder som er ment for fotografering og video-opptak, v\u00e6re best. Vanlige lamper som gulv- og skrivebordslamper gir ofte varm lys, og foto eller videoen f\u00e5r en gulaktig fargetone. Forretninger som selger kamerautstyr og hjemmeelektronikk, f\u00f8rer ofte profesjonelle lyskilder \u2013 ogs\u00e5 en del alternativer med greie priser.<\/p>\n<p>Mange ganger kan det v\u00e6re en fordel \u00e5 &#8220;spre&#8221; lyset p\u00e5 en god m\u00e5te i rommet slik at de ikke dannes mye skygger. For dette form\u00e5let fins <strong>lysdispensere <\/strong>(softboks). De er stoffposer eller bokser som lyskilden plasseres inn i. Softboksene har typisk egne stativer de festes i.<\/p>\n<p>For \u00e5 ta bilder av gjenstander med god belysning og uten skygger, og evt. med fargede bakgrunner, fins &#8220;bokser&#8221; som kalles <strong>lystelt<\/strong>. Gjenstanden plasseres i lysteltet slik at det ikke kastes skygger rund den.<\/p>\n<p><strong>Fotobord<\/strong> er jevne, matte eller blanke, bakgrunner med stativ for gjenstander som fotograferes.<\/p>\n<p>&#8220;Hjemmesnekrede&#8221; og dermed billige l\u00f8sninger for ovennevnte lystekniske hjelpemidler er:<\/p>\n<ul>\n<li>I stedet for lysdispenser (softboks): hvitt stoff eller tynn kartong festet rundt lampen eller lamper<\/li>\n<li>I stedet for lystelt: laken og\/eller kartong som danner en boks eller et lite telt<\/li>\n<li>I stedet for fotobord: kartong i \u00f8nsket farge b\u00f8yd dor \u00e5 danne sammenhengende underlag og bakgrunn<\/li>\n<\/ul>\n<figure id=\"attachment_439\" aria-describedby=\"caption-attachment-439\" style=\"width: 600px\" class=\"wp-caption aligncenter\"><img loading=\"lazy\" decoding=\"async\" class=\"wp-image-439\" src=\"https:\/\/designveileder.no\/wp-content\/uploads\/2024\/09\/Lysutstyr-300x169.png\" alt=\"Lysdispenser, lystelt og fotobord.\" width=\"600\" height=\"338\" srcset=\"https:\/\/designveileder.no\/wp-content\/uploads\/2024\/09\/Lysutstyr-300x169.png 300w, https:\/\/designveileder.no\/wp-content\/uploads\/2024\/09\/Lysutstyr-1024x576.png 1024w, https:\/\/designveileder.no\/wp-content\/uploads\/2024\/09\/Lysutstyr-768x432.png 768w, https:\/\/designveileder.no\/wp-content\/uploads\/2024\/09\/Lysutstyr.png 1280w\" sizes=\"(max-width: 600px) 100vw, 600px\" \/><figcaption id=\"caption-attachment-439\" class=\"wp-caption-text\">Utstyr for lyssetting: Lysdispenser, lystelt og fotobord.<\/figcaption><\/figure>\n<h2>Lyd<\/h2>\n<p>Det er ofte(st) essensielt \u00e5 legge til <strong>tale<\/strong> til e-l\u00e6ringsl\u00f8sninger for personer med kognitivt nedsatt funksjonsevne. Det kan v\u00e6re tale for tekst. Opplest tekst er viktig for dem som ikke leser s\u00e5 godt, selv om teksten er lettlest. Enda viktigere er det for personer som ikke kan lese. Tale kan ogs\u00e5 v\u00e6re en muntlig forklaring i en mobilvideo om det som skjer, tatt opp da videoen ble tatt opp. (En slik video, eller flere, kan i noen tilfeller v\u00e6re selve e-l\u00e6ringen).<\/p>\n<p>Hvis mobiltelefonens innebygd mikrofon ikke er tilstrekkelig god, er det mulig \u00e5 kople til mobilen en ekstern mikrofon. Videokameraer har samme mulighet. Det fins b\u00e5de enkle og meget avanserte h\u00f8ykvalitets mikrofoner.<\/p>\n<p>N\u00e5r det gjelder innlesing av tale for tekst, eller forklarende tale direkte i opptaket, f\u00f8lg gjerne disse r\u00e5dene:<\/p>\n<ul>\n<li>les eller legg inn tale med meget tydelig diksjon (uttale)<\/li>\n<li>les h\u00f8yt, og like h\u00f8yt i hele opplegget, slik at brukeren ikke beh\u00f8ver \u00e5 skru videoen p\u00e5 fult volum for \u00e5 h\u00f8re godt nok, eller \u00e5 variere volumet stadig vekk<\/li>\n<li>les inn med rolig tempo<\/li>\n<li>ta hensyn til brukerens eller brukernes talespr\u00e5kpreferanser (f.eks. bokm\u00e5l for et bredt brukergruppe i hele landet, nynorsk hvis de fleste brukerne har nynorsk som talem\u00e5l, eller dialekt hvis brukerne kun kommer fra en bestemt landsdel)<\/li>\n<li>unng\u00e5 sosiolekt<\/li>\n<\/ul>\n<p>N\u00e5r det gjelder videosekvenser der det ikke er naturlig \u00e5 ha tale kan stillhet virke rar eller kjedelig. Da kan rolig pausemusikk v\u00e6re et alternativ. Det er mulig \u00e5 legge inn gratismusikk eller \u00e5 kj\u00f8pe musikkfiler fra leverand\u00f8rer p\u00e5 nettet.<\/p>\n<h2>Ladere, kabler og ledninger<\/h2>\n<p>F\u00f8r opptakene skal begynne \u2013 s\u00e6rlig hvis det er snakk om mye filming \u2013 er det forutseende \u00e5 ha med <em>fulladet<\/em> batteridrevet utstyr \u2013 som f.eks. mobiltelefonen(e). Det er ogs\u00e5 klokt \u00e5 ha med lade\u00adutstyr for alle batteridrevne enheter. Opptak, evt. om og om igjen, bruken av blits for bedre lys osv., kan sluke batterikapasitet. Spesielt ved litt eldre telefoner kan batteriene da t\u00f8mmes overraskende kjapt.<\/p>\n<p>Overf\u00f8ring av bilder og film fra mobilen til en annen enhet som PC\/Mac, er typisk avhengig av egne (egnede) kabler. Hvis det <em>kan v\u00e6re<\/em> \u00f8nskelig \u00e5 gj\u00f8re dette p\u00e5 &#8220;filmsettet&#8221;, s\u00f8rg for \u00e5 f\u00e5 tatt dem med.<\/p>\n<p>For alt utstyret og apparater som kan v\u00e6re med p\u00e5 &#8220;filmsettet&#8221;, kan lange skj\u00f8teledninger v\u00e6re s\u00e5rt tiltrengt b\u00e5de for lading og l\u00f8pende str\u00f8mtilf\u00f8rsel. Mange steder fins det ikke nok stikkontakter, eller at de som er, er upraktisk plassert.<\/p>\n<p>Huskelisten er:<\/p>\n<ul>\n<li>ladere<\/li>\n<li>utstyrets egne kabler<\/li>\n<li>skj\u00f8teledninger<\/li>\n<\/ul>\n<p>Et lite tips til slutt er \u00e5 <em>merke utstyret<\/em> med eiers navn. Det kan v\u00e6re flere med hvert sitt utsyr med p\u00e5 &#8220;filmsettet&#8221;.<\/p>\n<h2>Minnebrikker<\/h2>\n<p>Foto og videoer er eksempler p\u00e5 filer som kan bli sv\u00e6rt store. For \u00e5 unng\u00e5 plassmangel p\u00e5 mobilen eller kameraet, er anbefalingen \u00e5 ha minnebrikker med stor lagringskapasitet tilgjengelig.<\/p>\n","protected":false},"excerpt":{"rendered":"<p>I dette kapittelet: Her gir vi en oversikt over nyttig utstyr for \u00e5 lage film\/videoer for e-l\u00e6ring. Kamera For \u00e5 lage e-l\u00e6ring med videoer (eller som video), har du to hovedalternativer: digitalt kamera (herunder video-\/filmkamera) eller mobiltelefonens innebygde kamera (heretter \u2018mobil\u00adkamera\u2019). Det fins ogs\u00e5 kameraer som kan festes p\u00e5 hodet eller brukes under vann, m.m. [&hellip;]<\/p>\n","protected":false},"author":1,"featured_media":0,"parent":0,"menu_order":0,"comment_status":"closed","ping_status":"closed","template":"","meta":{"footnotes":""},"_links":{"self":[{"href":"https:\/\/designveileder.no\/index.php?rest_route=\/wp\/v2\/pages\/167"}],"collection":[{"href":"https:\/\/designveileder.no\/index.php?rest_route=\/wp\/v2\/pages"}],"about":[{"href":"https:\/\/designveileder.no\/index.php?rest_route=\/wp\/v2\/types\/page"}],"author":[{"embeddable":true,"href":"https:\/\/designveileder.no\/index.php?rest_route=\/wp\/v2\/users\/1"}],"replies":[{"embeddable":true,"href":"https:\/\/designveileder.no\/index.php?rest_route=%2Fwp%2Fv2%2Fcomments&post=167"}],"version-history":[{"count":29,"href":"https:\/\/designveileder.no\/index.php?rest_route=\/wp\/v2\/pages\/167\/revisions"}],"predecessor-version":[{"id":877,"href":"https:\/\/designveileder.no\/index.php?rest_route=\/wp\/v2\/pages\/167\/revisions\/877"}],"wp:attachment":[{"href":"https:\/\/designveileder.no\/index.php?rest_route=%2Fwp%2Fv2%2Fmedia&parent=167"}],"curies":[{"name":"wp","href":"https:\/\/api.w.org\/{rel}","templated":true}]}}